{"id":878,"date":"2021-09-17T18:12:19","date_gmt":"2021-09-17T18:12:19","guid":{"rendered":"http:\/\/198.46.89.184\/~bvmior5\/?page_id=878"},"modified":"2024-06-13T14:37:41","modified_gmt":"2024-06-13T14:37:41","slug":"bvmi-donor-privacy-statement","status":"publish","type":"page","link":"https:\/\/www.bvmi.org\/es\/bvmi-donor-privacy-statement\/","title":{"rendered":"Declaraci\u00f3n de privacidad de donantes de BVMI"},"content":{"rendered":"<div data-elementor-type=\"wp-page\" data-elementor-id=\"878\" class=\"elementor elementor-878\" data-elementor-post-type=\"page\">\n\t\t\t\t\t\t<section class=\"elementor-section elementor-top-section elementor-element elementor-element-31bfe7d6 elementor-section-boxed elementor-section-height-default elementor-section-height-default\" data-id=\"31bfe7d6\" data-element_type=\"section\" data-e-type=\"section\" data-settings=\"{&quot;background_background&quot;:&quot;classic&quot;}\">\n\t\t\t\t\t\t<div class=\"elementor-container elementor-column-gap-default\">\n\t\t\t\t\t<div class=\"elementor-column elementor-col-100 elementor-top-column elementor-element elementor-element-601b856d\" data-id=\"601b856d\" data-element_type=\"column\" data-e-type=\"column\">\n\t\t\t<div class=\"elementor-widget-wrap elementor-element-populated\">\n\t\t\t\t\t\t<div class=\"elementor-element elementor-element-4a91327f elementor-widget elementor-widget-heading\" data-id=\"4a91327f\" data-element_type=\"widget\" data-e-type=\"widget\" data-widget_type=\"heading.default\">\n\t\t\t\t<div class=\"elementor-widget-container\">\n\t\t\t\t\t<h1 class=\"elementor-heading-title elementor-size-default\">Declaraci\u00f3n de privacidad de donantes de BVMI<\/h1>\t\t\t\t<\/div>\n\t\t\t\t<\/div>\n\t\t\t\t\t<\/div>\n\t\t<\/div>\n\t\t\t\t\t<\/div>\n\t\t<\/section>\n\t\t\t\t<section class=\"elementor-section elementor-top-section elementor-element elementor-element-d88c23c elementor-section-boxed elementor-section-height-default elementor-section-height-default\" data-id=\"d88c23c\" data-element_type=\"section\" data-e-type=\"section\">\n\t\t\t\t\t\t<div class=\"elementor-container elementor-column-gap-default\">\n\t\t\t\t\t<div class=\"elementor-column elementor-col-100 elementor-top-column elementor-element elementor-element-b291b4c\" data-id=\"b291b4c\" data-element_type=\"column\" data-e-type=\"column\">\n\t\t\t<div class=\"elementor-widget-wrap elementor-element-populated\">\n\t\t\t\t\t\t<div class=\"elementor-element elementor-element-5c6ed66 elementor-widget elementor-widget-heading\" data-id=\"5c6ed66\" data-element_type=\"widget\" data-e-type=\"widget\" data-widget_type=\"heading.default\">\n\t\t\t\t<div class=\"elementor-widget-container\">\n\t\t\t\t\t<h5 class=\"elementor-heading-title elementor-size-default\">La Iniciativa M\u00e9dica Voluntaria de Bergen se compromete a proteger la privacidad de nuestros donantes<\/h5>\t\t\t\t<\/div>\n\t\t\t\t<\/div>\n\t\t\t\t<div class=\"elementor-element elementor-element-f071a83 elementor-widget elementor-widget-text-editor\" data-id=\"f071a83\" data-element_type=\"widget\" data-e-type=\"widget\" data-widget_type=\"text-editor.default\">\n\t\t\t\t<div class=\"elementor-widget-container\">\n\t\t\t\t\t\t\t\t\t<p><span style=\"font-weight: 400;\">BVMI se compromete a proteger la privacidad de nuestros donantes. Nuestros donantes esperan que usemos su apoyo sabiamente. Tambi\u00e9n depositan su fe y confianza en nosotros con respecto a la informaci\u00f3n personal que pueden compartir al hacer un regalo. Valoramos la confianza de nuestros donantes y reconocemos que mantener esta confianza requiere que seamos transparentes y responsables ante nuestros seguidores y el p\u00fablico en todo momento.<\/span><b>.<\/b><\/p><p><span style=\"font-weight: 400;\">Se tomar\u00e1n todas las precauciones razonables para proteger y preservar la confidencialidad de la informaci\u00f3n personal de nuestro Donante. Todos los empleados, agentes y proveedores de servicios autorizados est\u00e1n obligados individualmente a salvaguardar la informaci\u00f3n personal de cada Donante. Todos los contratistas externos o proveedores de servicios externos se seleccionan con el debido cuidado y deben cumplir con esta Pol\u00edtica.<\/span><\/p><p><span style=\"font-weight: 400;\">Recopilamos informaci\u00f3n de los donantes solo para uso interno y solo en la medida necesaria para nuestros fines. Obtenemos informaci\u00f3n personal relevante sobre los Donantes de manera legal y justa.\u00a0<\/span><\/p>\t\t\t\t\t\t\t\t<\/div>\n\t\t\t\t<\/div>\n\t\t\t\t\t<\/div>\n\t\t<\/div>\n\t\t\t\t\t<\/div>\n\t\t<\/section>\n\t\t\t\t<section class=\"elementor-section elementor-top-section elementor-element elementor-element-b79b099 elementor-section-boxed elementor-section-height-default elementor-section-height-default\" data-id=\"b79b099\" data-element_type=\"section\" data-e-type=\"section\">\n\t\t\t\t\t\t<div class=\"elementor-container elementor-column-gap-default\">\n\t\t\t\t\t<div class=\"elementor-column elementor-col-100 elementor-top-column elementor-element elementor-element-9495795\" data-id=\"9495795\" data-element_type=\"column\" data-e-type=\"column\">\n\t\t\t<div class=\"elementor-widget-wrap elementor-element-populated\">\n\t\t\t\t\t\t<div class=\"elementor-element elementor-element-3300262 elementor-widget elementor-widget-heading\" data-id=\"3300262\" data-element_type=\"widget\" data-e-type=\"widget\" data-widget_type=\"heading.default\">\n\t\t\t\t<div class=\"elementor-widget-container\">\n\t\t\t\t\t<h5 class=\"elementor-heading-title elementor-size-default\">Compartir o vender informaci\u00f3n personal<\/h5>\t\t\t\t<\/div>\n\t\t\t\t<\/div>\n\t\t\t\t<div class=\"elementor-element elementor-element-805ac04 elementor-widget elementor-widget-text-editor\" data-id=\"805ac04\" data-element_type=\"widget\" data-e-type=\"widget\" data-widget_type=\"text-editor.default\">\n\t\t\t\t<div class=\"elementor-widget-container\">\n\t\t\t\t\t\t\t\t\t<p><span style=\"font-weight: 400;\">BVMI no vende, comercializa ni alquila la informaci\u00f3n y el contenido de los archivos de donantes activos a terceros. BVMI no compartir\u00e1 las direcciones de correo electr\u00f3nico de los donantes con terceros<\/span><\/p>\t\t\t\t\t\t\t\t<\/div>\n\t\t\t\t<\/div>\n\t\t\t\t\t<\/div>\n\t\t<\/div>\n\t\t\t\t\t<\/div>\n\t\t<\/section>\n\t\t\t\t<section class=\"elementor-section elementor-top-section elementor-element elementor-element-20f01ec elementor-section-boxed elementor-section-height-default elementor-section-height-default\" data-id=\"20f01ec\" data-element_type=\"section\" data-e-type=\"section\">\n\t\t\t\t\t\t<div class=\"elementor-container elementor-column-gap-default\">\n\t\t\t\t\t<div class=\"elementor-column elementor-col-100 elementor-top-column elementor-element elementor-element-57af676\" data-id=\"57af676\" data-element_type=\"column\" data-e-type=\"column\">\n\t\t\t<div class=\"elementor-widget-wrap elementor-element-populated\">\n\t\t\t\t\t\t<div class=\"elementor-element elementor-element-1f3d9cd elementor-widget elementor-widget-heading\" data-id=\"1f3d9cd\" data-element_type=\"widget\" data-e-type=\"widget\" data-widget_type=\"heading.default\">\n\t\t\t\t<div class=\"elementor-widget-container\">\n\t\t\t\t\t<h5 class=\"elementor-heading-title elementor-size-default\">Solicitudes para permanecer an\u00f3nimo<\/h5>\t\t\t\t<\/div>\n\t\t\t\t<\/div>\n\t\t\t\t<div class=\"elementor-element elementor-element-988d53a elementor-widget elementor-widget-text-editor\" data-id=\"988d53a\" data-element_type=\"widget\" data-e-type=\"widget\" data-widget_type=\"text-editor.default\">\n\t\t\t\t<div class=\"elementor-widget-container\">\n\t\t\t\t\t\t\t\t\t<p><span style=\"font-weight: 400;\">Donors who wish to avoid any public recognition may inform BVMI when making a pledge or gift.\u00a0 The option to remain anonymous shall be made available to Donors by BVMI and its appropriate employees. This request for anonymity shall be honored by BVMI until the Donor informs us otherwise.<\/span><\/p><p>\u00a0<\/p><p><strong>NOTE:<\/strong> If you have questions about BVMI&#8217;s privacy policy, would like to review the personal information that is collected and request changes, or would like to request to remain anonymous in any public donor listing, please contact our Director of Donor Relations, Sue Dyrness, at sdyrness@bvmi.net.<\/p>\t\t\t\t\t\t\t\t<\/div>\n\t\t\t\t<\/div>\n\t\t\t\t\t<\/div>\n\t\t<\/div>\n\t\t\t\t\t<\/div>\n\t\t<\/section>\n\t\t\t\t<section class=\"elementor-section elementor-top-section elementor-element elementor-element-977dfad elementor-section-boxed elementor-section-height-default elementor-section-height-default\" data-id=\"977dfad\" data-element_type=\"section\" data-e-type=\"section\">\n\t\t\t\t\t\t<div class=\"elementor-container elementor-column-gap-default\">\n\t\t\t\t\t<div class=\"elementor-column elementor-col-100 elementor-top-column elementor-element elementor-element-2e1a21b\" data-id=\"2e1a21b\" data-element_type=\"column\" data-e-type=\"column\" data-settings=\"{&quot;background_background&quot;:&quot;classic&quot;}\">\n\t\t\t<div class=\"elementor-widget-wrap elementor-element-populated\">\n\t\t\t\t\t\t<div class=\"elementor-element elementor-element-3cee74c elementor-widget elementor-widget-heading\" data-id=\"3cee74c\" data-element_type=\"widget\" data-e-type=\"widget\" data-widget_type=\"heading.default\">\n\t\t\t\t<div class=\"elementor-widget-container\">\n\t\t\t\t\t<h3 class=\"elementor-heading-title elementor-size-default\">La Pol\u00edtica de privacidad completa de BVMI est\u00e1 disponible para descargar aqu\u00ed.  <\/h3>\t\t\t\t<\/div>\n\t\t\t\t<\/div>\n\t\t\t\t<div class=\"elementor-element elementor-element-6da5e8f elementor-align-center elementor-widget elementor-widget-button\" data-id=\"6da5e8f\" data-element_type=\"widget\" data-e-type=\"widget\" data-widget_type=\"button.default\">\n\t\t\t\t<div class=\"elementor-widget-container\">\n\t\t\t\t\t\t\t\t\t<div class=\"elementor-button-wrapper\">\n\t\t\t\t\t<a class=\"elementor-button elementor-button-link elementor-size-sm elementor-animation-float\" href=\"https:\/\/www.bvmi.org\/wp-content\/uploads\/2021\/09\/BVMI-DONOR-PRIVACY-POLICY-appr-3-24-16.pdf\" target=\"_blank\">\n\t\t\t\t\t\t<span class=\"elementor-button-content-wrapper\">\n\t\t\t\t\t\t\t\t\t<span class=\"elementor-button-text\">pol\u00edtica de privacidad<\/span>\n\t\t\t\t\t<\/span>\n\t\t\t\t\t<\/a>\n\t\t\t\t<\/div>\n\t\t\t\t\t\t\t\t<\/div>\n\t\t\t\t<\/div>\n\t\t\t\t\t<\/div>\n\t\t<\/div>\n\t\t\t\t\t<\/div>\n\t\t<\/section>\n\t\t\t\t<\/div>","protected":false},"excerpt":{"rendered":"<p>BVMI Donor Privacy Statement Bergen Volunteer Medical Initiative is committed to protecting our donors\u2019 privacy BVMI is committed to protecting our donors\u2019 privacy.\u00a0 Our donors expect that we will use their support wisely. They also place their faith and trust in us concerning the personal information that they may share when making a gift.\u00a0 We [&hellip;]<\/p>\n","protected":false},"author":1,"featured_media":2192,"parent":0,"menu_order":0,"comment_status":"closed","ping_status":"closed","template":"","meta":{"_acf_changed":false,"footnotes":""},"class_list":["post-878","page","type-page","status-publish","has-post-thumbnail","hentry"],"acf":[],"yoast_head":"<!-- This site is optimized with the Yoast SEO plugin v27.3 - https:\/\/yoast.com\/product\/yoast-seo-wordpress\/ -->\n<title>BVMI Donor Privacy Statement | Bergen Volunteer Medical Initiative<\/title>\n<meta name=\"description\" content=\"BVMI Donor Privacy Statement\" \/>\n<meta name=\"robots\" content=\"index, follow, max-snippet:-1, max-image-preview:large, max-video-preview:-1\" \/>\n<link rel=\"canonical\" href=\"https:\/\/www.bvmi.org\/es\/bvmi-donor-privacy-statement\/\" \/>\n<meta property=\"og:locale\" content=\"es_ES\" \/>\n<meta property=\"og:type\" content=\"article\" \/>\n<meta property=\"og:title\" content=\"BVMI Donor Privacy Statement | Bergen Volunteer Medical Initiative\" \/>\n<meta property=\"og:description\" content=\"BVMI Donor Privacy Statement\" \/>\n<meta property=\"og:url\" content=\"https:\/\/www.bvmi.org\/es\/bvmi-donor-privacy-statement\/\" \/>\n<meta property=\"og:site_name\" content=\"Bergen Volunteer Medical Initiative\" \/>\n<meta property=\"article:modified_time\" content=\"2024-06-13T14:37:41+00:00\" \/>\n<meta property=\"og:image\" content=\"https:\/\/www.bvmi.org\/wp-content\/uploads\/2021\/10\/BVMI-feaured-image.jpg\" \/>\n\t<meta property=\"og:image:width\" content=\"1000\" \/>\n\t<meta property=\"og:image:height\" content=\"667\" \/>\n\t<meta property=\"og:image:type\" content=\"image\/jpeg\" \/>\n<meta name=\"twitter:card\" content=\"summary_large_image\" \/>\n<meta name=\"twitter:label1\" content=\"Tiempo de lectura\" \/>\n\t<meta name=\"twitter:data1\" content=\"2 minutos\" \/>\n<script type=\"application\/ld+json\" class=\"yoast-schema-graph\">{\"@context\":\"https:\\\/\\\/schema.org\",\"@graph\":[{\"@type\":\"WebPage\",\"@id\":\"https:\\\/\\\/www.bvmi.org\\\/bvmi-donor-privacy-statement\\\/\",\"url\":\"https:\\\/\\\/www.bvmi.org\\\/bvmi-donor-privacy-statement\\\/\",\"name\":\"BVMI Donor Privacy Statement | Bergen Volunteer Medical Initiative\",\"isPartOf\":{\"@id\":\"https:\\\/\\\/www.bvmi.org\\\/#website\"},\"primaryImageOfPage\":{\"@id\":\"https:\\\/\\\/www.bvmi.org\\\/bvmi-donor-privacy-statement\\\/#primaryimage\"},\"image\":{\"@id\":\"https:\\\/\\\/www.bvmi.org\\\/bvmi-donor-privacy-statement\\\/#primaryimage\"},\"thumbnailUrl\":\"https:\\\/\\\/www.bvmi.org\\\/wp-content\\\/uploads\\\/2021\\\/10\\\/BVMI-feaured-image.jpg\",\"datePublished\":\"2021-09-17T18:12:19+00:00\",\"dateModified\":\"2024-06-13T14:37:41+00:00\",\"description\":\"BVMI Donor Privacy Statement\",\"breadcrumb\":{\"@id\":\"https:\\\/\\\/www.bvmi.org\\\/bvmi-donor-privacy-statement\\\/#breadcrumb\"},\"inLanguage\":\"es\",\"potentialAction\":[{\"@type\":\"ReadAction\",\"target\":[\"https:\\\/\\\/www.bvmi.org\\\/bvmi-donor-privacy-statement\\\/\"]}]},{\"@type\":\"ImageObject\",\"inLanguage\":\"es\",\"@id\":\"https:\\\/\\\/www.bvmi.org\\\/bvmi-donor-privacy-statement\\\/#primaryimage\",\"url\":\"https:\\\/\\\/www.bvmi.org\\\/wp-content\\\/uploads\\\/2021\\\/10\\\/BVMI-feaured-image.jpg\",\"contentUrl\":\"https:\\\/\\\/www.bvmi.org\\\/wp-content\\\/uploads\\\/2021\\\/10\\\/BVMI-feaured-image.jpg\",\"width\":1000,\"height\":667,\"caption\":\"BVMI | Bergen Volunteer Medical Initiative | Free Healthcare for the Working Uninsured\"},{\"@type\":\"BreadcrumbList\",\"@id\":\"https:\\\/\\\/www.bvmi.org\\\/bvmi-donor-privacy-statement\\\/#breadcrumb\",\"itemListElement\":[{\"@type\":\"ListItem\",\"position\":1,\"name\":\"Home\",\"item\":\"https:\\\/\\\/www.bvmi.org\\\/\"},{\"@type\":\"ListItem\",\"position\":2,\"name\":\"BVMI Donor Privacy Statement\"}]},{\"@type\":\"WebSite\",\"@id\":\"https:\\\/\\\/www.bvmi.org\\\/#website\",\"url\":\"https:\\\/\\\/www.bvmi.org\\\/\",\"name\":\"Bergen Volunteer Medical Initiative\",\"description\":\"Free Healthcare for the Working Uninsured\",\"publisher\":{\"@id\":\"https:\\\/\\\/www.bvmi.org\\\/#organization\"},\"potentialAction\":[{\"@type\":\"SearchAction\",\"target\":{\"@type\":\"EntryPoint\",\"urlTemplate\":\"https:\\\/\\\/www.bvmi.org\\\/?s={search_term_string}\"},\"query-input\":{\"@type\":\"PropertyValueSpecification\",\"valueRequired\":true,\"valueName\":\"search_term_string\"}}],\"inLanguage\":\"es\"},{\"@type\":\"Organization\",\"@id\":\"https:\\\/\\\/www.bvmi.org\\\/#organization\",\"name\":\"Bergen Volunteer Medical Initiative\",\"url\":\"https:\\\/\\\/www.bvmi.org\\\/\",\"logo\":{\"@type\":\"ImageObject\",\"inLanguage\":\"es\",\"@id\":\"https:\\\/\\\/www.bvmi.org\\\/#\\\/schema\\\/logo\\\/image\\\/\",\"url\":\"https:\\\/\\\/www.bvmi.org\\\/wp-content\\\/uploads\\\/2021\\\/09\\\/BVMI-logo.svg\",\"contentUrl\":\"https:\\\/\\\/www.bvmi.org\\\/wp-content\\\/uploads\\\/2021\\\/09\\\/BVMI-logo.svg\",\"width\":198,\"height\":89,\"caption\":\"Bergen Volunteer Medical Initiative\"},\"image\":{\"@id\":\"https:\\\/\\\/www.bvmi.org\\\/#\\\/schema\\\/logo\\\/image\\\/\"}}]}<\/script>\n<!-- \/ Yoast SEO plugin. -->","yoast_head_json":{"title":"BVMI Donor Privacy Statement | Bergen Volunteer Medical Initiative","description":"Declaraci\u00f3n de privacidad de donantes de BVMI","robots":{"index":"index","follow":"follow","max-snippet":"max-snippet:-1","max-image-preview":"max-image-preview:large","max-video-preview":"max-video-preview:-1"},"canonical":"https:\/\/www.bvmi.org\/es\/bvmi-donor-privacy-statement\/","og_locale":"es_ES","og_type":"article","og_title":"BVMI Donor Privacy Statement | Bergen Volunteer Medical Initiative","og_description":"BVMI Donor Privacy Statement","og_url":"https:\/\/www.bvmi.org\/es\/bvmi-donor-privacy-statement\/","og_site_name":"Bergen Volunteer Medical Initiative","article_modified_time":"2024-06-13T14:37:41+00:00","og_image":[{"width":1000,"height":667,"url":"https:\/\/www.bvmi.org\/wp-content\/uploads\/2021\/10\/BVMI-feaured-image.jpg","type":"image\/jpeg"}],"twitter_card":"summary_large_image","twitter_misc":{"Tiempo de lectura":"2 minutos"},"schema":{"@context":"https:\/\/schema.org","@graph":[{"@type":"WebPage","@id":"https:\/\/www.bvmi.org\/bvmi-donor-privacy-statement\/","url":"https:\/\/www.bvmi.org\/bvmi-donor-privacy-statement\/","name":"BVMI Donor Privacy Statement | Bergen Volunteer Medical Initiative","isPartOf":{"@id":"https:\/\/www.bvmi.org\/#website"},"primaryImageOfPage":{"@id":"https:\/\/www.bvmi.org\/bvmi-donor-privacy-statement\/#primaryimage"},"image":{"@id":"https:\/\/www.bvmi.org\/bvmi-donor-privacy-statement\/#primaryimage"},"thumbnailUrl":"https:\/\/www.bvmi.org\/wp-content\/uploads\/2021\/10\/BVMI-feaured-image.jpg","datePublished":"2021-09-17T18:12:19+00:00","dateModified":"2024-06-13T14:37:41+00:00","description":"Declaraci\u00f3n de privacidad de donantes de BVMI","breadcrumb":{"@id":"https:\/\/www.bvmi.org\/bvmi-donor-privacy-statement\/#breadcrumb"},"inLanguage":"es","potentialAction":[{"@type":"ReadAction","target":["https:\/\/www.bvmi.org\/bvmi-donor-privacy-statement\/"]}]},{"@type":"ImageObject","inLanguage":"es","@id":"https:\/\/www.bvmi.org\/bvmi-donor-privacy-statement\/#primaryimage","url":"https:\/\/www.bvmi.org\/wp-content\/uploads\/2021\/10\/BVMI-feaured-image.jpg","contentUrl":"https:\/\/www.bvmi.org\/wp-content\/uploads\/2021\/10\/BVMI-feaured-image.jpg","width":1000,"height":667,"caption":"BVMI | Bergen Volunteer Medical Initiative | Free Healthcare for the Working Uninsured"},{"@type":"BreadcrumbList","@id":"https:\/\/www.bvmi.org\/bvmi-donor-privacy-statement\/#breadcrumb","itemListElement":[{"@type":"ListItem","position":1,"name":"Home","item":"https:\/\/www.bvmi.org\/"},{"@type":"ListItem","position":2,"name":"BVMI Donor Privacy Statement"}]},{"@type":"WebSite","@id":"https:\/\/www.bvmi.org\/#website","url":"https:\/\/www.bvmi.org\/","name":"Iniciativa m\u00e9dica voluntaria de Bergen","description":"Atenci\u00f3n m\u00e9dica gratuita para los trabajadores sin seguro","publisher":{"@id":"https:\/\/www.bvmi.org\/#organization"},"potentialAction":[{"@type":"SearchAction","target":{"@type":"EntryPoint","urlTemplate":"https:\/\/www.bvmi.org\/?s={search_term_string}"},"query-input":{"@type":"PropertyValueSpecification","valueRequired":true,"valueName":"search_term_string"}}],"inLanguage":"es"},{"@type":"Organization","@id":"https:\/\/www.bvmi.org\/#organization","name":"Iniciativa m\u00e9dica voluntaria de Bergen","url":"https:\/\/www.bvmi.org\/","logo":{"@type":"ImageObject","inLanguage":"es","@id":"https:\/\/www.bvmi.org\/#\/schema\/logo\/image\/","url":"https:\/\/www.bvmi.org\/wp-content\/uploads\/2021\/09\/BVMI-logo.svg","contentUrl":"https:\/\/www.bvmi.org\/wp-content\/uploads\/2021\/09\/BVMI-logo.svg","width":198,"height":89,"caption":"Bergen Volunteer Medical Initiative"},"image":{"@id":"https:\/\/www.bvmi.org\/#\/schema\/logo\/image\/"}}]}},"_links":{"self":[{"href":"https:\/\/www.bvmi.org\/es\/wp-json\/wp\/v2\/pages\/878","targetHints":{"allow":["GET"]}}],"collection":[{"href":"https:\/\/www.bvmi.org\/es\/wp-json\/wp\/v2\/pages"}],"about":[{"href":"https:\/\/www.bvmi.org\/es\/wp-json\/wp\/v2\/types\/page"}],"author":[{"embeddable":true,"href":"https:\/\/www.bvmi.org\/es\/wp-json\/wp\/v2\/users\/1"}],"replies":[{"embeddable":true,"href":"https:\/\/www.bvmi.org\/es\/wp-json\/wp\/v2\/comments?post=878"}],"version-history":[{"count":55,"href":"https:\/\/www.bvmi.org\/es\/wp-json\/wp\/v2\/pages\/878\/revisions"}],"predecessor-version":[{"id":7471,"href":"https:\/\/www.bvmi.org\/es\/wp-json\/wp\/v2\/pages\/878\/revisions\/7471"}],"wp:featuredmedia":[{"embeddable":true,"href":"https:\/\/www.bvmi.org\/es\/wp-json\/wp\/v2\/media\/2192"}],"wp:attachment":[{"href":"https:\/\/www.bvmi.org\/es\/wp-json\/wp\/v2\/media?parent=878"}],"curies":[{"name":"wp","href":"https:\/\/api.w.org\/{rel}","templated":true}]}}