{"id":4828,"date":"2022-03-17T14:54:39","date_gmt":"2022-03-17T14:54:39","guid":{"rendered":"https:\/\/www.bvmi.org\/?page_id=4828"},"modified":"2024-06-04T13:51:31","modified_gmt":"2024-06-04T13:51:31","slug":"newsletter-sign-up","status":"publish","type":"page","link":"https:\/\/www.bvmi.org\/es\/newsletter-sign-up\/","title":{"rendered":"Newsletter Sign Up"},"content":{"rendered":"<div data-elementor-type=\"wp-page\" data-elementor-id=\"4828\" class=\"elementor elementor-4828\" data-elementor-post-type=\"page\">\n\t\t\t\t\t\t<section class=\"elementor-section elementor-top-section elementor-element elementor-element-0b2c8f5 elementor-section-boxed elementor-section-height-default elementor-section-height-default\" data-id=\"0b2c8f5\" data-element_type=\"section\" data-e-type=\"section\">\n\t\t\t\t\t\t<div class=\"elementor-container elementor-column-gap-default\">\n\t\t\t\t\t<div class=\"elementor-column elementor-col-100 elementor-top-column elementor-element elementor-element-810cd5e\" data-id=\"810cd5e\" data-element_type=\"column\" data-e-type=\"column\">\n\t\t\t<div class=\"elementor-widget-wrap elementor-element-populated\">\n\t\t\t\t\t\t<div class=\"elementor-element elementor-element-2509d77 elementor-widget elementor-widget-heading\" data-id=\"2509d77\" data-element_type=\"widget\" data-e-type=\"widget\" data-widget_type=\"heading.default\">\n\t\t\t\t<div class=\"elementor-widget-container\">\n\t\t\t\t\t<h1 class=\"elementor-heading-title elementor-size-default\">\u00a1Suscr\u00edbase a nuestro correo electr\u00f3nico mensual y bolet\u00edn semestral!<\/h1>\t\t\t\t<\/div>\n\t\t\t\t<\/div>\n\t\t\t\t\t<\/div>\n\t\t<\/div>\n\t\t\t\t\t<\/div>\n\t\t<\/section>\n\t\t\t\t<section class=\"elementor-section elementor-top-section elementor-element elementor-element-1ee81cf elementor-section-boxed elementor-section-height-default elementor-section-height-default\" data-id=\"1ee81cf\" data-element_type=\"section\" data-e-type=\"section\">\n\t\t\t\t\t\t<div class=\"elementor-container elementor-column-gap-default\">\n\t\t\t\t\t<div class=\"elementor-column elementor-col-100 elementor-top-column elementor-element elementor-element-e1d9a5b\" data-id=\"e1d9a5b\" data-element_type=\"column\" data-e-type=\"column\">\n\t\t\t<div class=\"elementor-widget-wrap elementor-element-populated\">\n\t\t\t\t\t\t<div class=\"elementor-element elementor-element-0565143 elementor-widget elementor-widget-html\" data-id=\"0565143\" data-element_type=\"widget\" data-e-type=\"widget\" data-widget_type=\"html.default\">\n\t\t\t\t<div class=\"elementor-widget-container\">\n\t\t\t\t\t<script src=\"https:\/\/s3-us-west-2.amazonaws.com\/bloomerang-public-cdn\/bergenvolunteermedicalinitiative\/.widget-js\/229982208.js\" type=\"text\/javascript\"><\/script>\t\t\t\t<\/div>\n\t\t\t\t<\/div>\n\t\t\t\t\t<\/div>\n\t\t<\/div>\n\t\t\t\t\t<\/div>\n\t\t<\/section>\n\t\t\t\t<\/div>","protected":false},"excerpt":{"rendered":"<p>\u00a1Suscr\u00edbase a nuestro correo electr\u00f3nico mensual y bolet\u00edn semestral!<\/p>","protected":false},"author":1,"featured_media":0,"parent":0,"menu_order":0,"comment_status":"closed","ping_status":"closed","template":"","meta":{"_acf_changed":false,"footnotes":""},"class_list":["post-4828","page","type-page","status-publish","hentry"],"acf":[],"yoast_head":"<!-- This site is optimized with the Yoast SEO plugin v27.3 - https:\/\/yoast.com\/product\/yoast-seo-wordpress\/ -->\n<title>Newsletter Sign Up | Bergen Volunteer Medical Initiative<\/title>\n<meta name=\"description\" content=\"Sign up for our monthly email and semi-annual newsletter!\" \/>\n<meta name=\"robots\" content=\"index, follow, max-snippet:-1, max-image-preview:large, max-video-preview:-1\" \/>\n<link rel=\"canonical\" href=\"https:\/\/www.bvmi.org\/es\/newsletter-sign-up\/\" \/>\n<meta property=\"og:locale\" content=\"es_ES\" \/>\n<meta property=\"og:type\" content=\"article\" \/>\n<meta property=\"og:title\" content=\"Newsletter Sign Up | Bergen Volunteer Medical Initiative\" \/>\n<meta property=\"og:description\" content=\"Sign up for our monthly email and semi-annual newsletter!\" \/>\n<meta property=\"og:url\" content=\"https:\/\/www.bvmi.org\/es\/newsletter-sign-up\/\" \/>\n<meta property=\"og:site_name\" content=\"Bergen Volunteer Medical Initiative\" \/>\n<meta property=\"article:modified_time\" content=\"2024-06-04T13:51:31+00:00\" \/>\n<meta name=\"twitter:card\" content=\"summary_large_image\" \/>\n<meta name=\"twitter:label1\" content=\"Tiempo de lectura\" \/>\n\t<meta name=\"twitter:data1\" content=\"1 minuto\" \/>\n<script type=\"application\/ld+json\" class=\"yoast-schema-graph\">{\"@context\":\"https:\\\/\\\/schema.org\",\"@graph\":[{\"@type\":\"WebPage\",\"@id\":\"https:\\\/\\\/www.bvmi.org\\\/newsletter-sign-up\\\/\",\"url\":\"https:\\\/\\\/www.bvmi.org\\\/newsletter-sign-up\\\/\",\"name\":\"Newsletter Sign Up | Bergen Volunteer Medical Initiative\",\"isPartOf\":{\"@id\":\"https:\\\/\\\/www.bvmi.org\\\/#website\"},\"datePublished\":\"2022-03-17T14:54:39+00:00\",\"dateModified\":\"2024-06-04T13:51:31+00:00\",\"description\":\"Sign up for our monthly email and semi-annual newsletter!\",\"breadcrumb\":{\"@id\":\"https:\\\/\\\/www.bvmi.org\\\/newsletter-sign-up\\\/#breadcrumb\"},\"inLanguage\":\"es\",\"potentialAction\":[{\"@type\":\"ReadAction\",\"target\":[\"https:\\\/\\\/www.bvmi.org\\\/newsletter-sign-up\\\/\"]}]},{\"@type\":\"BreadcrumbList\",\"@id\":\"https:\\\/\\\/www.bvmi.org\\\/newsletter-sign-up\\\/#breadcrumb\",\"itemListElement\":[{\"@type\":\"ListItem\",\"position\":1,\"name\":\"Home\",\"item\":\"https:\\\/\\\/www.bvmi.org\\\/\"},{\"@type\":\"ListItem\",\"position\":2,\"name\":\"Newsletter Sign Up\"}]},{\"@type\":\"WebSite\",\"@id\":\"https:\\\/\\\/www.bvmi.org\\\/#website\",\"url\":\"https:\\\/\\\/www.bvmi.org\\\/\",\"name\":\"Bergen Volunteer Medical Initiative\",\"description\":\"Free Healthcare for the Working Uninsured\",\"publisher\":{\"@id\":\"https:\\\/\\\/www.bvmi.org\\\/#organization\"},\"potentialAction\":[{\"@type\":\"SearchAction\",\"target\":{\"@type\":\"EntryPoint\",\"urlTemplate\":\"https:\\\/\\\/www.bvmi.org\\\/?s={search_term_string}\"},\"query-input\":{\"@type\":\"PropertyValueSpecification\",\"valueRequired\":true,\"valueName\":\"search_term_string\"}}],\"inLanguage\":\"es\"},{\"@type\":\"Organization\",\"@id\":\"https:\\\/\\\/www.bvmi.org\\\/#organization\",\"name\":\"Bergen Volunteer Medical Initiative\",\"url\":\"https:\\\/\\\/www.bvmi.org\\\/\",\"logo\":{\"@type\":\"ImageObject\",\"inLanguage\":\"es\",\"@id\":\"https:\\\/\\\/www.bvmi.org\\\/#\\\/schema\\\/logo\\\/image\\\/\",\"url\":\"https:\\\/\\\/www.bvmi.org\\\/wp-content\\\/uploads\\\/2021\\\/09\\\/BVMI-logo.svg\",\"contentUrl\":\"https:\\\/\\\/www.bvmi.org\\\/wp-content\\\/uploads\\\/2021\\\/09\\\/BVMI-logo.svg\",\"width\":198,\"height\":89,\"caption\":\"Bergen Volunteer Medical Initiative\"},\"image\":{\"@id\":\"https:\\\/\\\/www.bvmi.org\\\/#\\\/schema\\\/logo\\\/image\\\/\"}}]}<\/script>\n<!-- \/ Yoast SEO plugin. -->","yoast_head_json":{"title":"Newsletter Sign Up | Bergen Volunteer Medical Initiative","description":"\u00a1Suscr\u00edbase a nuestro correo electr\u00f3nico mensual y bolet\u00edn semestral!","robots":{"index":"index","follow":"follow","max-snippet":"max-snippet:-1","max-image-preview":"max-image-preview:large","max-video-preview":"max-video-preview:-1"},"canonical":"https:\/\/www.bvmi.org\/es\/newsletter-sign-up\/","og_locale":"es_ES","og_type":"article","og_title":"Newsletter Sign Up | Bergen Volunteer Medical Initiative","og_description":"Sign up for our monthly email and semi-annual newsletter!","og_url":"https:\/\/www.bvmi.org\/es\/newsletter-sign-up\/","og_site_name":"Bergen Volunteer Medical Initiative","article_modified_time":"2024-06-04T13:51:31+00:00","twitter_card":"summary_large_image","twitter_misc":{"Tiempo de lectura":"1 minuto"},"schema":{"@context":"https:\/\/schema.org","@graph":[{"@type":"WebPage","@id":"https:\/\/www.bvmi.org\/newsletter-sign-up\/","url":"https:\/\/www.bvmi.org\/newsletter-sign-up\/","name":"Newsletter Sign Up | Bergen Volunteer Medical Initiative","isPartOf":{"@id":"https:\/\/www.bvmi.org\/#website"},"datePublished":"2022-03-17T14:54:39+00:00","dateModified":"2024-06-04T13:51:31+00:00","description":"\u00a1Suscr\u00edbase a nuestro correo electr\u00f3nico mensual y bolet\u00edn semestral!","breadcrumb":{"@id":"https:\/\/www.bvmi.org\/newsletter-sign-up\/#breadcrumb"},"inLanguage":"es","potentialAction":[{"@type":"ReadAction","target":["https:\/\/www.bvmi.org\/newsletter-sign-up\/"]}]},{"@type":"BreadcrumbList","@id":"https:\/\/www.bvmi.org\/newsletter-sign-up\/#breadcrumb","itemListElement":[{"@type":"ListItem","position":1,"name":"Home","item":"https:\/\/www.bvmi.org\/"},{"@type":"ListItem","position":2,"name":"Newsletter Sign Up"}]},{"@type":"WebSite","@id":"https:\/\/www.bvmi.org\/#website","url":"https:\/\/www.bvmi.org\/","name":"Iniciativa m\u00e9dica voluntaria de Bergen","description":"Atenci\u00f3n m\u00e9dica gratuita para los trabajadores sin seguro","publisher":{"@id":"https:\/\/www.bvmi.org\/#organization"},"potentialAction":[{"@type":"SearchAction","target":{"@type":"EntryPoint","urlTemplate":"https:\/\/www.bvmi.org\/?s={search_term_string}"},"query-input":{"@type":"PropertyValueSpecification","valueRequired":true,"valueName":"search_term_string"}}],"inLanguage":"es"},{"@type":"Organization","@id":"https:\/\/www.bvmi.org\/#organization","name":"Iniciativa m\u00e9dica voluntaria de Bergen","url":"https:\/\/www.bvmi.org\/","logo":{"@type":"ImageObject","inLanguage":"es","@id":"https:\/\/www.bvmi.org\/#\/schema\/logo\/image\/","url":"https:\/\/www.bvmi.org\/wp-content\/uploads\/2021\/09\/BVMI-logo.svg","contentUrl":"https:\/\/www.bvmi.org\/wp-content\/uploads\/2021\/09\/BVMI-logo.svg","width":198,"height":89,"caption":"Bergen Volunteer Medical Initiative"},"image":{"@id":"https:\/\/www.bvmi.org\/#\/schema\/logo\/image\/"}}]}},"_links":{"self":[{"href":"https:\/\/www.bvmi.org\/es\/wp-json\/wp\/v2\/pages\/4828","targetHints":{"allow":["GET"]}}],"collection":[{"href":"https:\/\/www.bvmi.org\/es\/wp-json\/wp\/v2\/pages"}],"about":[{"href":"https:\/\/www.bvmi.org\/es\/wp-json\/wp\/v2\/types\/page"}],"author":[{"embeddable":true,"href":"https:\/\/www.bvmi.org\/es\/wp-json\/wp\/v2\/users\/1"}],"replies":[{"embeddable":true,"href":"https:\/\/www.bvmi.org\/es\/wp-json\/wp\/v2\/comments?post=4828"}],"version-history":[{"count":13,"href":"https:\/\/www.bvmi.org\/es\/wp-json\/wp\/v2\/pages\/4828\/revisions"}],"predecessor-version":[{"id":7456,"href":"https:\/\/www.bvmi.org\/es\/wp-json\/wp\/v2\/pages\/4828\/revisions\/7456"}],"wp:attachment":[{"href":"https:\/\/www.bvmi.org\/es\/wp-json\/wp\/v2\/media?parent=4828"}],"curies":[{"name":"wp","href":"https:\/\/api.w.org\/{rel}","templated":true}]}}