{"id":4157,"date":"2021-11-12T16:37:21","date_gmt":"2021-11-12T16:37:21","guid":{"rendered":"http:\/\/198.46.89.184\/~bvmior5\/?page_id=4157"},"modified":"2024-06-04T13:53:56","modified_gmt":"2024-06-04T13:53:56","slug":"privacy-policy","status":"publish","type":"page","link":"https:\/\/www.bvmi.org\/es\/privacy-policy\/","title":{"rendered":"Pol\u00edtica de privacidad"},"content":{"rendered":"<div data-elementor-type=\"wp-page\" data-elementor-id=\"4157\" class=\"elementor elementor-4157\" data-elementor-post-type=\"page\">\n\t\t\t\t\t\t<section class=\"elementor-section elementor-top-section elementor-element elementor-element-672b03f7 elementor-section-boxed elementor-section-height-default elementor-section-height-default\" data-id=\"672b03f7\" data-element_type=\"section\" data-e-type=\"section\" data-settings=\"{&quot;background_background&quot;:&quot;classic&quot;}\">\n\t\t\t\t\t\t<div class=\"elementor-container elementor-column-gap-default\">\n\t\t\t\t\t<div class=\"elementor-column elementor-col-100 elementor-top-column elementor-element elementor-element-1db118f4\" data-id=\"1db118f4\" data-element_type=\"column\" data-e-type=\"column\">\n\t\t\t<div class=\"elementor-widget-wrap elementor-element-populated\">\n\t\t\t\t\t\t<div class=\"elementor-element elementor-element-4235aa7 elementor-widget elementor-widget-heading\" data-id=\"4235aa7\" data-element_type=\"widget\" data-e-type=\"widget\" data-widget_type=\"heading.default\">\n\t\t\t\t<div class=\"elementor-widget-container\">\n\t\t\t\t\t<h1 class=\"elementor-heading-title elementor-size-default\">Pol\u00edtica de privacidad<\/h1>\t\t\t\t<\/div>\n\t\t\t\t<\/div>\n\t\t\t\t\t<\/div>\n\t\t<\/div>\n\t\t\t\t\t<\/div>\n\t\t<\/section>\n\t\t\t\t<section class=\"elementor-section elementor-top-section elementor-element elementor-element-e31298e elementor-section-boxed elementor-section-height-default elementor-section-height-default\" data-id=\"e31298e\" data-element_type=\"section\" data-e-type=\"section\">\n\t\t\t\t\t\t<div class=\"elementor-container elementor-column-gap-default\">\n\t\t\t\t\t<div class=\"elementor-column elementor-col-100 elementor-top-column elementor-element elementor-element-2d15280\" data-id=\"2d15280\" data-element_type=\"column\" data-e-type=\"column\">\n\t\t\t<div class=\"elementor-widget-wrap elementor-element-populated\">\n\t\t\t\t\t\t<div class=\"elementor-element elementor-element-4f81f73 elementor-widget elementor-widget-text-editor\" data-id=\"4f81f73\" data-element_type=\"widget\" data-e-type=\"widget\" data-widget_type=\"text-editor.default\">\n\t\t\t\t<div class=\"elementor-widget-container\">\n\t\t\t\t\t\t\t\t\t<p class=\"font_7\">Nos tomamos muy en serio su privacidad y queremos que sepa c\u00f3mo recopilamos, usamos, compartimos y protegemos su informaci\u00f3n.<\/p><h3 class=\"font_2\"><span style=\"color: #00939d;\"><strong>Qu\u00e9 informaci\u00f3n recopilamos<\/strong><\/span><\/h3><p class=\"font_7\">Respetamos el derecho a la privacidad de todos los visitantes del sitio de la Iniciativa M\u00e9dica Voluntaria de Bergen (BVMI). No recopilamos informaci\u00f3n que lo identificar\u00eda personalmente a menos que elija proporcionarla. La informaci\u00f3n enviada a trav\u00e9s de los formularios en l\u00ednea de BVMI puede recopilarse para garantizar la funcionalidad t\u00e9cnica. Tambi\u00e9n se utilizar\u00e1 para abordar cualquier uso inapropiado de nuestro sitio web. No guardamos informaci\u00f3n personal para utilizarla con otros fines, ni la proporcionamos a ninguna otra organizaci\u00f3n.<\/p><p class=\"font_7\"><strong>Comunicaciones por correo electr\u00f3nico, boletines y servicios relacionados<br \/><\/strong>BVMI.org le brinda la oportunidad de recibir nuestras comunicaciones. Puede suscribirse a un bolet\u00edn de correo electr\u00f3nico gratuito. Puede cancelar su suscripci\u00f3n en cualquier momento.<\/p><h3 class=\"font_2\"><span style=\"color: #00939d;\"><strong>Direcciones IP<\/strong><\/span><\/h3><p class=\"font_7\">El servidor web recopila autom\u00e1ticamente la direcci\u00f3n del Protocolo de Internet (IP) de las computadoras que acceden a nuestro sitio. Una direcci\u00f3n IP es un n\u00famero que se le asigna a su computadora cuando accede a Internet. No es realmente informaci\u00f3n de identificaci\u00f3n personal porque muchas personas diferentes pueden acceder a Internet a trav\u00e9s de la misma computadora. Usamos esta informaci\u00f3n en forma agregada para comprender c\u00f3mo se usa nuestro sitio y c\u00f3mo podemos servir mejor a los visitantes.<\/p><p class=\"font_7\"><strong>Cookies y otras tecnolog\u00edas de seguimiento<br \/><\/strong>Recopilamos informaci\u00f3n sobre los visitantes de nuestro sitio utilizando &quot;cookies&quot; (consulte la definici\u00f3n en Webopedia). Usamos esta tecnolog\u00eda para reconocer a un visitante repetido y rastrear la ruta de un visitante a trav\u00e9s de nuestro sitio durante una visita, para ayudarnos a comprender c\u00f3mo las personas usan nuestro sitio.<\/p><p class=\"font_7\"><strong>C\u00f3mo usamos la informaci\u00f3n que recopilamos<br \/><\/strong>Usamos la informaci\u00f3n que recopilamos para cosas como:<\/p><ul><li class=\"font_7\">Servicios de marketing y publicidad<\/li><li class=\"font_7\">Realizaci\u00f3n de investigaciones y an\u00e1lisis.<\/li><li class=\"font_7\">Comunicar cosas como eventos especiales y encuestas.<\/li><li class=\"font_7\">Operar, evaluar y mejorar nuestro negocio<\/li><\/ul><h3 class=\"font_2\"><span style=\"color: #00939d;\"><strong>Retenci\u00f3n de datos<\/strong><\/span><\/h3><p class=\"font_7\">Conservaremos su informaci\u00f3n mientras su cuenta est\u00e9 activa o seg\u00fan sea necesario para brindarle servicios, cumplir con nuestras obligaciones legales, resolver disputas y hacer cumplir nuestros acuerdos.<\/p><p class=\"font_7\">A excepci\u00f3n de las investigaciones policiales autorizadas u otros procesos legales v\u00e1lidos, no compartiremos ninguna informaci\u00f3n de identificaci\u00f3n personal que recibamos de usted con terceros fuera de BVMI.<\/p><p class=\"font_7\">Para ayudarnos a determinar la efectividad de BVMI.org, trabajamos con herramientas de an\u00e1lisis web alojadas por terceros que reciben informaci\u00f3n no identificable de su navegador, que incluye, entre otros, el sitio o el anuncio del que proviene, su direcci\u00f3n IP, su ubicaci\u00f3n geogr\u00e1fica general. ubicaci\u00f3n, la informaci\u00f3n de su navegador y plataforma, y las p\u00e1ginas que ve dentro de nuestro sitio.<\/p><p class=\"font_7\">Usamos medidas de seguridad razonables para proteger la confidencialidad de la informaci\u00f3n personal bajo nuestro control y limitamos adecuadamente el acceso a ella. Sus donaciones en l\u00ednea se dirigen a Bloomerang.com, un sitio web de terceros que procesa todas las transacciones de manera segura. Bloomerang utiliza tecnolog\u00eda de cifrado, como Secure Sockets Layer (SSL), para proteger su informaci\u00f3n personal durante el transporte de datos. SSL protege la informaci\u00f3n que env\u00eda a trav\u00e9s de nuestro sitio web, como hacer una donaci\u00f3n, incluido su nombre, direcci\u00f3n y n\u00famero de tarjeta de cr\u00e9dito. Dicho esto, BVMI no puede asegurar ni garantizar la seguridad de la informaci\u00f3n que nos transmite, y lo hace bajo su propio riesgo. Hemos tomado medidas razonables para garantizar la integridad y confidencialidad de la informaci\u00f3n de identificaci\u00f3n personal que usted pueda proporcionar. Sin embargo, debe comprender que las transmisiones electr\u00f3nicas a trav\u00e9s de Internet no son necesariamente seguras contra la interceptaci\u00f3n, por lo que no podemos garantizar absolutamente la seguridad o confidencialidad de dichas transmisiones.<\/p><h3 class=\"font_2\"><span style=\"color: #00939d;\"><strong>Enlaces a otros sitios web<\/strong><\/span><\/h3><p class=\"font_7\">Nuestros sitios web tienen enlaces a otros sitios web, muchos de los cuales tienen sus propias pol\u00edticas de privacidad. Aseg\u00farese de revisar la pol\u00edtica de privacidad en el sitio que est\u00e1 visitando.<\/p><h3 class=\"font_2\"><span style=\"color: #00939d;\"><strong>Actualizaciones de la pol\u00edtica de privacidad<\/strong><\/span><\/h3><p class=\"font_7\">Es posible que debamos actualizar nuestra pol\u00edtica de privacidad a medida que cambia la tecnolog\u00eda y evoluciona BVMI. Si hacemos cambios significativos a la pol\u00edtica de privacidad, publicaremos un mensaje destacado en nuestros sitios web.<\/p>\t\t\t\t\t\t\t\t<\/div>\n\t\t\t\t<\/div>\n\t\t\t\t\t<\/div>\n\t\t<\/div>\n\t\t\t\t\t<\/div>\n\t\t<\/section>\n\t\t\t\t<\/div>","protected":false},"excerpt":{"rendered":"<p>Respetamos el derecho a la privacidad de todos los visitantes del sitio de la Iniciativa M\u00e9dica Voluntaria de Bergen (BVMI). No recopilamos informaci\u00f3n que lo identificar\u00eda personalmente a menos que elija proporcionarla. La informaci\u00f3n enviada a trav\u00e9s de los formularios en l\u00ednea de BVMI puede recopilarse para garantizar la funcionalidad t\u00e9cnica. Tambi\u00e9n se utilizar\u00e1 para abordar cualquier uso inapropiado de nuestro sitio web. No guardamos informaci\u00f3n personal para utilizarla con otros fines, ni la proporcionamos a ninguna otra organizaci\u00f3n.<\/p>","protected":false},"author":1,"featured_media":0,"parent":0,"menu_order":0,"comment_status":"closed","ping_status":"closed","template":"","meta":{"_acf_changed":false,"footnotes":""},"class_list":["post-4157","page","type-page","status-publish","hentry"],"acf":[],"yoast_head":"<!-- This site is optimized with the Yoast SEO plugin v27.3 - https:\/\/yoast.com\/product\/yoast-seo-wordpress\/ -->\n<title>Privacy Policy | Bergen Volunteer Medical Initiative<\/title>\n<meta name=\"description\" content=\"We respect the right to privacy of all visitors to the Bergen Volunteer Medical Initiative (BVMI) site. We do not collect information that would personally identify you unless you choose to provide it. Information submitted through BVMI\u2019s online forms may be collected to ensure technical functionality. It will also be utilized to address any inappropriate use of our website. We do not save personal information to use for other purposes, nor do we provide it to any other organizations.\" \/>\n<meta name=\"robots\" content=\"index, follow, max-snippet:-1, max-image-preview:large, max-video-preview:-1\" \/>\n<link rel=\"canonical\" href=\"https:\/\/www.bvmi.org\/es\/privacy-policy\/\" \/>\n<meta property=\"og:locale\" content=\"es_ES\" \/>\n<meta property=\"og:type\" content=\"article\" \/>\n<meta property=\"og:title\" content=\"Privacy Policy | Bergen Volunteer Medical Initiative\" \/>\n<meta property=\"og:description\" content=\"We respect the right to privacy of all visitors to the Bergen Volunteer Medical Initiative (BVMI) site. We do not collect information that would personally identify you unless you choose to provide it. Information submitted through BVMI\u2019s online forms may be collected to ensure technical functionality. It will also be utilized to address any inappropriate use of our website. We do not save personal information to use for other purposes, nor do we provide it to any other organizations.\" \/>\n<meta property=\"og:url\" content=\"https:\/\/www.bvmi.org\/es\/privacy-policy\/\" \/>\n<meta property=\"og:site_name\" content=\"Bergen Volunteer Medical Initiative\" \/>\n<meta property=\"article:modified_time\" content=\"2024-06-04T13:53:56+00:00\" \/>\n<meta name=\"twitter:card\" content=\"summary_large_image\" \/>\n<meta name=\"twitter:label1\" content=\"Tiempo de lectura\" \/>\n\t<meta name=\"twitter:data1\" content=\"3 minutos\" \/>\n<script type=\"application\/ld+json\" class=\"yoast-schema-graph\">{\"@context\":\"https:\\\/\\\/schema.org\",\"@graph\":[{\"@type\":\"WebPage\",\"@id\":\"https:\\\/\\\/www.bvmi.org\\\/privacy-policy\\\/\",\"url\":\"https:\\\/\\\/www.bvmi.org\\\/privacy-policy\\\/\",\"name\":\"Privacy Policy | Bergen Volunteer Medical Initiative\",\"isPartOf\":{\"@id\":\"https:\\\/\\\/www.bvmi.org\\\/#website\"},\"datePublished\":\"2021-11-12T16:37:21+00:00\",\"dateModified\":\"2024-06-04T13:53:56+00:00\",\"description\":\"We respect the right to privacy of all visitors to the Bergen Volunteer Medical Initiative (BVMI) site. We do not collect information that would personally identify you unless you choose to provide it. Information submitted through BVMI\u2019s online forms may be collected to ensure technical functionality. It will also be utilized to address any inappropriate use of our website. We do not save personal information to use for other purposes, nor do we provide it to any other organizations.\",\"breadcrumb\":{\"@id\":\"https:\\\/\\\/www.bvmi.org\\\/privacy-policy\\\/#breadcrumb\"},\"inLanguage\":\"es\",\"potentialAction\":[{\"@type\":\"ReadAction\",\"target\":[\"https:\\\/\\\/www.bvmi.org\\\/privacy-policy\\\/\"]}]},{\"@type\":\"BreadcrumbList\",\"@id\":\"https:\\\/\\\/www.bvmi.org\\\/privacy-policy\\\/#breadcrumb\",\"itemListElement\":[{\"@type\":\"ListItem\",\"position\":1,\"name\":\"Home\",\"item\":\"https:\\\/\\\/www.bvmi.org\\\/\"},{\"@type\":\"ListItem\",\"position\":2,\"name\":\"Privacy Policy\"}]},{\"@type\":\"WebSite\",\"@id\":\"https:\\\/\\\/www.bvmi.org\\\/#website\",\"url\":\"https:\\\/\\\/www.bvmi.org\\\/\",\"name\":\"Bergen Volunteer Medical Initiative\",\"description\":\"Free Healthcare for the Working Uninsured\",\"publisher\":{\"@id\":\"https:\\\/\\\/www.bvmi.org\\\/#organization\"},\"potentialAction\":[{\"@type\":\"SearchAction\",\"target\":{\"@type\":\"EntryPoint\",\"urlTemplate\":\"https:\\\/\\\/www.bvmi.org\\\/?s={search_term_string}\"},\"query-input\":{\"@type\":\"PropertyValueSpecification\",\"valueRequired\":true,\"valueName\":\"search_term_string\"}}],\"inLanguage\":\"es\"},{\"@type\":\"Organization\",\"@id\":\"https:\\\/\\\/www.bvmi.org\\\/#organization\",\"name\":\"Bergen Volunteer Medical Initiative\",\"url\":\"https:\\\/\\\/www.bvmi.org\\\/\",\"logo\":{\"@type\":\"ImageObject\",\"inLanguage\":\"es\",\"@id\":\"https:\\\/\\\/www.bvmi.org\\\/#\\\/schema\\\/logo\\\/image\\\/\",\"url\":\"https:\\\/\\\/www.bvmi.org\\\/wp-content\\\/uploads\\\/2021\\\/09\\\/BVMI-logo.svg\",\"contentUrl\":\"https:\\\/\\\/www.bvmi.org\\\/wp-content\\\/uploads\\\/2021\\\/09\\\/BVMI-logo.svg\",\"width\":198,\"height\":89,\"caption\":\"Bergen Volunteer Medical Initiative\"},\"image\":{\"@id\":\"https:\\\/\\\/www.bvmi.org\\\/#\\\/schema\\\/logo\\\/image\\\/\"}}]}<\/script>\n<!-- \/ Yoast SEO plugin. -->","yoast_head_json":{"title":"Privacy Policy | Bergen Volunteer Medical Initiative","description":"Respetamos el derecho a la privacidad de todos los visitantes del sitio de la Iniciativa M\u00e9dica Voluntaria de Bergen (BVMI). No recopilamos informaci\u00f3n que lo identificar\u00eda personalmente a menos que elija proporcionarla. La informaci\u00f3n enviada a trav\u00e9s de los formularios en l\u00ednea de BVMI puede recopilarse para garantizar la funcionalidad t\u00e9cnica. Tambi\u00e9n se utilizar\u00e1 para abordar cualquier uso inapropiado de nuestro sitio web. No guardamos informaci\u00f3n personal para utilizarla con otros fines, ni la proporcionamos a ninguna otra organizaci\u00f3n.","robots":{"index":"index","follow":"follow","max-snippet":"max-snippet:-1","max-image-preview":"max-image-preview:large","max-video-preview":"max-video-preview:-1"},"canonical":"https:\/\/www.bvmi.org\/es\/privacy-policy\/","og_locale":"es_ES","og_type":"article","og_title":"Privacy Policy | Bergen Volunteer Medical Initiative","og_description":"We respect the right to privacy of all visitors to the Bergen Volunteer Medical Initiative (BVMI) site. We do not collect information that would personally identify you unless you choose to provide it. Information submitted through BVMI\u2019s online forms may be collected to ensure technical functionality. It will also be utilized to address any inappropriate use of our website. We do not save personal information to use for other purposes, nor do we provide it to any other organizations.","og_url":"https:\/\/www.bvmi.org\/es\/privacy-policy\/","og_site_name":"Bergen Volunteer Medical Initiative","article_modified_time":"2024-06-04T13:53:56+00:00","twitter_card":"summary_large_image","twitter_misc":{"Tiempo de lectura":"3 minutos"},"schema":{"@context":"https:\/\/schema.org","@graph":[{"@type":"WebPage","@id":"https:\/\/www.bvmi.org\/privacy-policy\/","url":"https:\/\/www.bvmi.org\/privacy-policy\/","name":"Privacy Policy | Bergen Volunteer Medical Initiative","isPartOf":{"@id":"https:\/\/www.bvmi.org\/#website"},"datePublished":"2021-11-12T16:37:21+00:00","dateModified":"2024-06-04T13:53:56+00:00","description":"Respetamos el derecho a la privacidad de todos los visitantes del sitio de la Iniciativa M\u00e9dica Voluntaria de Bergen (BVMI). No recopilamos informaci\u00f3n que lo identificar\u00eda personalmente a menos que elija proporcionarla. La informaci\u00f3n enviada a trav\u00e9s de los formularios en l\u00ednea de BVMI puede recopilarse para garantizar la funcionalidad t\u00e9cnica. Tambi\u00e9n se utilizar\u00e1 para abordar cualquier uso inapropiado de nuestro sitio web. No guardamos informaci\u00f3n personal para utilizarla con otros fines, ni la proporcionamos a ninguna otra organizaci\u00f3n.","breadcrumb":{"@id":"https:\/\/www.bvmi.org\/privacy-policy\/#breadcrumb"},"inLanguage":"es","potentialAction":[{"@type":"ReadAction","target":["https:\/\/www.bvmi.org\/privacy-policy\/"]}]},{"@type":"BreadcrumbList","@id":"https:\/\/www.bvmi.org\/privacy-policy\/#breadcrumb","itemListElement":[{"@type":"ListItem","position":1,"name":"Home","item":"https:\/\/www.bvmi.org\/"},{"@type":"ListItem","position":2,"name":"Privacy Policy"}]},{"@type":"WebSite","@id":"https:\/\/www.bvmi.org\/#website","url":"https:\/\/www.bvmi.org\/","name":"Iniciativa m\u00e9dica voluntaria de Bergen","description":"Atenci\u00f3n m\u00e9dica gratuita para los trabajadores sin seguro","publisher":{"@id":"https:\/\/www.bvmi.org\/#organization"},"potentialAction":[{"@type":"SearchAction","target":{"@type":"EntryPoint","urlTemplate":"https:\/\/www.bvmi.org\/?s={search_term_string}"},"query-input":{"@type":"PropertyValueSpecification","valueRequired":true,"valueName":"search_term_string"}}],"inLanguage":"es"},{"@type":"Organization","@id":"https:\/\/www.bvmi.org\/#organization","name":"Iniciativa m\u00e9dica voluntaria de Bergen","url":"https:\/\/www.bvmi.org\/","logo":{"@type":"ImageObject","inLanguage":"es","@id":"https:\/\/www.bvmi.org\/#\/schema\/logo\/image\/","url":"https:\/\/www.bvmi.org\/wp-content\/uploads\/2021\/09\/BVMI-logo.svg","contentUrl":"https:\/\/www.bvmi.org\/wp-content\/uploads\/2021\/09\/BVMI-logo.svg","width":198,"height":89,"caption":"Bergen Volunteer Medical Initiative"},"image":{"@id":"https:\/\/www.bvmi.org\/#\/schema\/logo\/image\/"}}]}},"_links":{"self":[{"href":"https:\/\/www.bvmi.org\/es\/wp-json\/wp\/v2\/pages\/4157","targetHints":{"allow":["GET"]}}],"collection":[{"href":"https:\/\/www.bvmi.org\/es\/wp-json\/wp\/v2\/pages"}],"about":[{"href":"https:\/\/www.bvmi.org\/es\/wp-json\/wp\/v2\/types\/page"}],"author":[{"embeddable":true,"href":"https:\/\/www.bvmi.org\/es\/wp-json\/wp\/v2\/users\/1"}],"replies":[{"embeddable":true,"href":"https:\/\/www.bvmi.org\/es\/wp-json\/wp\/v2\/comments?post=4157"}],"version-history":[{"count":13,"href":"https:\/\/www.bvmi.org\/es\/wp-json\/wp\/v2\/pages\/4157\/revisions"}],"predecessor-version":[{"id":7459,"href":"https:\/\/www.bvmi.org\/es\/wp-json\/wp\/v2\/pages\/4157\/revisions\/7459"}],"wp:attachment":[{"href":"https:\/\/www.bvmi.org\/es\/wp-json\/wp\/v2\/media?parent=4157"}],"curies":[{"name":"wp","href":"https:\/\/api.w.org\/{rel}","templated":true}]}}