{"id":2156,"date":"2021-10-07T19:56:43","date_gmt":"2021-10-07T19:56:43","guid":{"rendered":"http:\/\/198.46.89.184\/~bvmior5\/?page_id=2156"},"modified":"2024-03-22T19:27:19","modified_gmt":"2024-03-22T19:27:19","slug":"careers","status":"publish","type":"page","link":"https:\/\/www.bvmi.org\/es\/careers\/","title":{"rendered":"Carreras"},"content":{"rendered":"<div data-elementor-type=\"wp-page\" data-elementor-id=\"2156\" class=\"elementor elementor-2156\" data-elementor-post-type=\"page\">\n\t\t\t\t\t\t<section class=\"elementor-section elementor-top-section elementor-element elementor-element-7afd8098 elementor-section-boxed elementor-section-height-default elementor-section-height-default\" data-id=\"7afd8098\" data-element_type=\"section\" data-e-type=\"section\" data-settings=\"{&quot;background_background&quot;:&quot;classic&quot;}\">\n\t\t\t\t\t\t<div class=\"elementor-container elementor-column-gap-default\">\n\t\t\t\t\t<div class=\"elementor-column elementor-col-100 elementor-top-column elementor-element elementor-element-1699b415\" data-id=\"1699b415\" data-element_type=\"column\" data-e-type=\"column\">\n\t\t\t<div class=\"elementor-widget-wrap elementor-element-populated\">\n\t\t\t\t\t\t<div class=\"elementor-element elementor-element-719b5dc7 elementor-widget elementor-widget-heading\" data-id=\"719b5dc7\" data-element_type=\"widget\" data-e-type=\"widget\" data-widget_type=\"heading.default\">\n\t\t\t\t<div class=\"elementor-widget-container\">\n\t\t\t\t\t<h1 class=\"elementor-heading-title elementor-size-default\">Carreras<\/h1>\t\t\t\t<\/div>\n\t\t\t\t<\/div>\n\t\t\t\t\t<\/div>\n\t\t<\/div>\n\t\t\t\t\t<\/div>\n\t\t<\/section>\n\t\t\t\t<section class=\"elementor-section elementor-top-section elementor-element elementor-element-83ced68 elementor-section-boxed elementor-section-height-default elementor-section-height-default\" data-id=\"83ced68\" data-element_type=\"section\" data-e-type=\"section\">\n\t\t\t\t\t\t<div class=\"elementor-container elementor-column-gap-default\">\n\t\t\t\t\t<div class=\"elementor-column elementor-col-100 elementor-top-column elementor-element elementor-element-1348c8a\" data-id=\"1348c8a\" data-element_type=\"column\" data-e-type=\"column\">\n\t\t\t<div class=\"elementor-widget-wrap elementor-element-populated\">\n\t\t\t\t\t\t<div class=\"elementor-element elementor-element-58c0463 elementor-widget elementor-widget-heading\" data-id=\"58c0463\" data-element_type=\"widget\" data-e-type=\"widget\" data-widget_type=\"heading.default\">\n\t\t\t\t<div class=\"elementor-widget-container\">\n\t\t\t\t\t<h3 class=\"elementor-heading-title elementor-size-default\">\u00a1BVMI es un excelente lugar para trabajar!<\/h3>\t\t\t\t<\/div>\n\t\t\t\t<\/div>\n\t\t\t\t<div class=\"elementor-element elementor-element-8358c88 elementor-widget elementor-widget-heading\" data-id=\"8358c88\" data-element_type=\"widget\" data-e-type=\"widget\" data-widget_type=\"heading.default\">\n\t\t\t\t<div class=\"elementor-widget-container\">\n\t\t\t\t\t<h2 class=\"elementor-heading-title elementor-size-default\">Available positions are listed below.<\/h2>\t\t\t\t<\/div>\n\t\t\t\t<\/div>\n\t\t\t\t\t<\/div>\n\t\t<\/div>\n\t\t\t\t\t<\/div>\n\t\t<\/section>\n\t\t\t\t<section class=\"elementor-section elementor-top-section elementor-element elementor-element-54dad71 elementor-section-boxed elementor-section-height-default elementor-section-height-default\" data-id=\"54dad71\" data-element_type=\"section\" data-e-type=\"section\">\n\t\t\t\t\t\t<div class=\"elementor-container elementor-column-gap-default\">\n\t\t\t\t\t<div class=\"elementor-column elementor-col-50 elementor-top-column elementor-element elementor-element-e474c06\" data-id=\"e474c06\" data-element_type=\"column\" data-e-type=\"column\">\n\t\t\t<div class=\"elementor-widget-wrap elementor-element-populated\">\n\t\t\t\t\t\t<div class=\"elementor-element elementor-element-1c0e715 elementor-widget elementor-widget-image\" data-id=\"1c0e715\" data-element_type=\"widget\" data-e-type=\"widget\" data-widget_type=\"image.default\">\n\t\t\t\t<div class=\"elementor-widget-container\">\n\t\t\t\t\t\t\t\t\t\t\t\t\t\t\t<img fetchpriority=\"high\" decoding=\"async\" width=\"560\" height=\"350\" src=\"https:\/\/www.bvmi.org\/wp-content\/uploads\/2021\/10\/contact-us-bvmi-nj.jpg\" class=\"attachment-full size-full wp-image-2170\" alt=\"Picture of Assistant Nurse Manager, Gloria, smiling from the BVMI nurse&#039;s station.\" srcset=\"https:\/\/www.bvmi.org\/wp-content\/uploads\/2021\/10\/contact-us-bvmi-nj.jpg 560w, https:\/\/www.bvmi.org\/wp-content\/uploads\/2021\/10\/contact-us-bvmi-nj-300x188.jpg 300w\" sizes=\"(max-width: 560px) 100vw, 560px\" \/>\t\t\t\t\t\t\t\t\t\t\t\t\t\t\t<\/div>\n\t\t\t\t<\/div>\n\t\t\t\t\t<\/div>\n\t\t<\/div>\n\t\t\t\t<div class=\"elementor-column elementor-col-50 elementor-top-column elementor-element elementor-element-e732d2a\" data-id=\"e732d2a\" data-element_type=\"column\" data-e-type=\"column\">\n\t\t\t<div class=\"elementor-widget-wrap elementor-element-populated\">\n\t\t\t\t\t\t<div class=\"elementor-element elementor-element-099af41 elementor-widget elementor-widget-image\" data-id=\"099af41\" data-element_type=\"widget\" data-e-type=\"widget\" data-widget_type=\"image.default\">\n\t\t\t\t<div class=\"elementor-widget-container\">\n\t\t\t\t\t\t\t\t\t\t\t\t\t\t\t<img decoding=\"async\" width=\"560\" height=\"350\" src=\"https:\/\/www.bvmi.org\/wp-content\/uploads\/2021\/10\/careers-bvmi-hackensack-nj.jpg\" class=\"attachment-full size-full wp-image-2171\" alt=\"Front desk associate, Rebeca, at the BVMI reception desk, ready to greet patients.\" srcset=\"https:\/\/www.bvmi.org\/wp-content\/uploads\/2021\/10\/careers-bvmi-hackensack-nj.jpg 560w, https:\/\/www.bvmi.org\/wp-content\/uploads\/2021\/10\/careers-bvmi-hackensack-nj-300x188.jpg 300w\" sizes=\"(max-width: 560px) 100vw, 560px\" \/>\t\t\t\t\t\t\t\t\t\t\t\t\t\t\t<\/div>\n\t\t\t\t<\/div>\n\t\t\t\t\t<\/div>\n\t\t<\/div>\n\t\t\t\t\t<\/div>\n\t\t<\/section>\n\t\t\t\t<section class=\"elementor-section elementor-top-section elementor-element elementor-element-573d179 elementor-section-boxed elementor-section-height-default elementor-section-height-default\" data-id=\"573d179\" data-element_type=\"section\" data-e-type=\"section\">\n\t\t\t\t\t\t<div class=\"elementor-container elementor-column-gap-default\">\n\t\t\t\t\t<div class=\"elementor-column elementor-col-100 elementor-top-column elementor-element elementor-element-5dd15f1\" data-id=\"5dd15f1\" data-element_type=\"column\" data-e-type=\"column\">\n\t\t\t<div class=\"elementor-widget-wrap elementor-element-populated\">\n\t\t\t\t\t\t<div class=\"elementor-element elementor-element-bf3ce9e elementor-widget elementor-widget-html\" data-id=\"bf3ce9e\" data-element_type=\"widget\" data-e-type=\"widget\" data-widget_type=\"html.default\">\n\t\t\t\t<div class=\"elementor-widget-container\">\n\t\t\t\t\t<div id=\"BambooHR\" data-domain=\"bvmi.bamboohr.com\" data-version=\"1.0.0\" data-departmentid=\"\"><\/div><script src=\"https:\/\/bvmi.bamboohr.com\/js\/embed.js\" type=\"text\/javascript\" async defer><\/script>\t\t\t\t<\/div>\n\t\t\t\t<\/div>\n\t\t\t\t\t<\/div>\n\t\t<\/div>\n\t\t\t\t\t<\/div>\n\t\t<\/section>\n\t\t\t\t<\/div>","protected":false},"excerpt":{"rendered":"<p>Careers BVMI is a great place to work! Available positions are listed below.<\/p>","protected":false},"author":1,"featured_media":2192,"parent":0,"menu_order":0,"comment_status":"closed","ping_status":"closed","template":"","meta":{"_acf_changed":false,"footnotes":""},"class_list":["post-2156","page","type-page","status-publish","has-post-thumbnail","hentry"],"acf":[],"yoast_head":"<!-- This site is optimized with the Yoast SEO plugin v27.3 - https:\/\/yoast.com\/product\/yoast-seo-wordpress\/ -->\n<title>Careers | Bergen Volunteer Medical Initiative<\/title>\n<meta name=\"description\" content=\"BVMI is a great place to work! View our available positions.\" \/>\n<meta name=\"robots\" content=\"index, follow, max-snippet:-1, max-image-preview:large, max-video-preview:-1\" \/>\n<link rel=\"canonical\" href=\"https:\/\/www.bvmi.org\/es\/careers\/\" \/>\n<meta property=\"og:locale\" content=\"es_ES\" \/>\n<meta property=\"og:type\" content=\"article\" \/>\n<meta property=\"og:title\" content=\"Careers | Bergen Volunteer Medical Initiative\" \/>\n<meta property=\"og:description\" content=\"BVMI is a great place to work! View our available positions.\" \/>\n<meta property=\"og:url\" content=\"https:\/\/www.bvmi.org\/es\/careers\/\" \/>\n<meta property=\"og:site_name\" content=\"Bergen Volunteer Medical Initiative\" \/>\n<meta property=\"article:modified_time\" content=\"2024-03-22T19:27:19+00:00\" \/>\n<meta property=\"og:image\" content=\"https:\/\/www.bvmi.org\/wp-content\/uploads\/2021\/10\/BVMI-feaured-image.jpg\" \/>\n\t<meta property=\"og:image:width\" content=\"1000\" \/>\n\t<meta property=\"og:image:height\" content=\"667\" \/>\n\t<meta property=\"og:image:type\" content=\"image\/jpeg\" \/>\n<meta name=\"twitter:card\" content=\"summary_large_image\" \/>\n<meta name=\"twitter:label1\" content=\"Tiempo de lectura\" \/>\n\t<meta name=\"twitter:data1\" content=\"1 minuto\" \/>\n<script type=\"application\/ld+json\" class=\"yoast-schema-graph\">{\"@context\":\"https:\\\/\\\/schema.org\",\"@graph\":[{\"@type\":\"WebPage\",\"@id\":\"https:\\\/\\\/www.bvmi.org\\\/careers\\\/\",\"url\":\"https:\\\/\\\/www.bvmi.org\\\/careers\\\/\",\"name\":\"Careers | Bergen Volunteer Medical Initiative\",\"isPartOf\":{\"@id\":\"https:\\\/\\\/www.bvmi.org\\\/#website\"},\"primaryImageOfPage\":{\"@id\":\"https:\\\/\\\/www.bvmi.org\\\/careers\\\/#primaryimage\"},\"image\":{\"@id\":\"https:\\\/\\\/www.bvmi.org\\\/careers\\\/#primaryimage\"},\"thumbnailUrl\":\"https:\\\/\\\/www.bvmi.org\\\/wp-content\\\/uploads\\\/2021\\\/10\\\/BVMI-feaured-image.jpg\",\"datePublished\":\"2021-10-07T19:56:43+00:00\",\"dateModified\":\"2024-03-22T19:27:19+00:00\",\"description\":\"BVMI is a great place to work! View our available positions.\",\"breadcrumb\":{\"@id\":\"https:\\\/\\\/www.bvmi.org\\\/careers\\\/#breadcrumb\"},\"inLanguage\":\"es\",\"potentialAction\":[{\"@type\":\"ReadAction\",\"target\":[\"https:\\\/\\\/www.bvmi.org\\\/careers\\\/\"]}]},{\"@type\":\"ImageObject\",\"inLanguage\":\"es\",\"@id\":\"https:\\\/\\\/www.bvmi.org\\\/careers\\\/#primaryimage\",\"url\":\"https:\\\/\\\/www.bvmi.org\\\/wp-content\\\/uploads\\\/2021\\\/10\\\/BVMI-feaured-image.jpg\",\"contentUrl\":\"https:\\\/\\\/www.bvmi.org\\\/wp-content\\\/uploads\\\/2021\\\/10\\\/BVMI-feaured-image.jpg\",\"width\":1000,\"height\":667,\"caption\":\"BVMI | Bergen Volunteer Medical Initiative | Free Healthcare for the Working Uninsured\"},{\"@type\":\"BreadcrumbList\",\"@id\":\"https:\\\/\\\/www.bvmi.org\\\/careers\\\/#breadcrumb\",\"itemListElement\":[{\"@type\":\"ListItem\",\"position\":1,\"name\":\"Home\",\"item\":\"https:\\\/\\\/www.bvmi.org\\\/\"},{\"@type\":\"ListItem\",\"position\":2,\"name\":\"Careers\"}]},{\"@type\":\"WebSite\",\"@id\":\"https:\\\/\\\/www.bvmi.org\\\/#website\",\"url\":\"https:\\\/\\\/www.bvmi.org\\\/\",\"name\":\"Bergen Volunteer Medical Initiative\",\"description\":\"Free Healthcare for the Working Uninsured\",\"publisher\":{\"@id\":\"https:\\\/\\\/www.bvmi.org\\\/#organization\"},\"potentialAction\":[{\"@type\":\"SearchAction\",\"target\":{\"@type\":\"EntryPoint\",\"urlTemplate\":\"https:\\\/\\\/www.bvmi.org\\\/?s={search_term_string}\"},\"query-input\":{\"@type\":\"PropertyValueSpecification\",\"valueRequired\":true,\"valueName\":\"search_term_string\"}}],\"inLanguage\":\"es\"},{\"@type\":\"Organization\",\"@id\":\"https:\\\/\\\/www.bvmi.org\\\/#organization\",\"name\":\"Bergen Volunteer Medical Initiative\",\"url\":\"https:\\\/\\\/www.bvmi.org\\\/\",\"logo\":{\"@type\":\"ImageObject\",\"inLanguage\":\"es\",\"@id\":\"https:\\\/\\\/www.bvmi.org\\\/#\\\/schema\\\/logo\\\/image\\\/\",\"url\":\"https:\\\/\\\/www.bvmi.org\\\/wp-content\\\/uploads\\\/2021\\\/09\\\/BVMI-logo.svg\",\"contentUrl\":\"https:\\\/\\\/www.bvmi.org\\\/wp-content\\\/uploads\\\/2021\\\/09\\\/BVMI-logo.svg\",\"width\":198,\"height\":89,\"caption\":\"Bergen Volunteer Medical Initiative\"},\"image\":{\"@id\":\"https:\\\/\\\/www.bvmi.org\\\/#\\\/schema\\\/logo\\\/image\\\/\"}}]}<\/script>\n<!-- \/ Yoast SEO plugin. -->","yoast_head_json":{"title":"Careers | Bergen Volunteer Medical Initiative","description":"BVMI is a great place to work! View our available positions.","robots":{"index":"index","follow":"follow","max-snippet":"max-snippet:-1","max-image-preview":"max-image-preview:large","max-video-preview":"max-video-preview:-1"},"canonical":"https:\/\/www.bvmi.org\/es\/careers\/","og_locale":"es_ES","og_type":"article","og_title":"Careers | Bergen Volunteer Medical Initiative","og_description":"BVMI is a great place to work! View our available positions.","og_url":"https:\/\/www.bvmi.org\/es\/careers\/","og_site_name":"Bergen Volunteer Medical Initiative","article_modified_time":"2024-03-22T19:27:19+00:00","og_image":[{"width":1000,"height":667,"url":"https:\/\/www.bvmi.org\/wp-content\/uploads\/2021\/10\/BVMI-feaured-image.jpg","type":"image\/jpeg"}],"twitter_card":"summary_large_image","twitter_misc":{"Tiempo de lectura":"1 minuto"},"schema":{"@context":"https:\/\/schema.org","@graph":[{"@type":"WebPage","@id":"https:\/\/www.bvmi.org\/careers\/","url":"https:\/\/www.bvmi.org\/careers\/","name":"Careers | Bergen Volunteer Medical Initiative","isPartOf":{"@id":"https:\/\/www.bvmi.org\/#website"},"primaryImageOfPage":{"@id":"https:\/\/www.bvmi.org\/careers\/#primaryimage"},"image":{"@id":"https:\/\/www.bvmi.org\/careers\/#primaryimage"},"thumbnailUrl":"https:\/\/www.bvmi.org\/wp-content\/uploads\/2021\/10\/BVMI-feaured-image.jpg","datePublished":"2021-10-07T19:56:43+00:00","dateModified":"2024-03-22T19:27:19+00:00","description":"BVMI is a great place to work! View our available positions.","breadcrumb":{"@id":"https:\/\/www.bvmi.org\/careers\/#breadcrumb"},"inLanguage":"es","potentialAction":[{"@type":"ReadAction","target":["https:\/\/www.bvmi.org\/careers\/"]}]},{"@type":"ImageObject","inLanguage":"es","@id":"https:\/\/www.bvmi.org\/careers\/#primaryimage","url":"https:\/\/www.bvmi.org\/wp-content\/uploads\/2021\/10\/BVMI-feaured-image.jpg","contentUrl":"https:\/\/www.bvmi.org\/wp-content\/uploads\/2021\/10\/BVMI-feaured-image.jpg","width":1000,"height":667,"caption":"BVMI | Bergen Volunteer Medical Initiative | Free Healthcare for the Working Uninsured"},{"@type":"BreadcrumbList","@id":"https:\/\/www.bvmi.org\/careers\/#breadcrumb","itemListElement":[{"@type":"ListItem","position":1,"name":"Home","item":"https:\/\/www.bvmi.org\/"},{"@type":"ListItem","position":2,"name":"Careers"}]},{"@type":"WebSite","@id":"https:\/\/www.bvmi.org\/#website","url":"https:\/\/www.bvmi.org\/","name":"Iniciativa m\u00e9dica voluntaria de Bergen","description":"Atenci\u00f3n m\u00e9dica gratuita para los trabajadores sin seguro","publisher":{"@id":"https:\/\/www.bvmi.org\/#organization"},"potentialAction":[{"@type":"SearchAction","target":{"@type":"EntryPoint","urlTemplate":"https:\/\/www.bvmi.org\/?s={search_term_string}"},"query-input":{"@type":"PropertyValueSpecification","valueRequired":true,"valueName":"search_term_string"}}],"inLanguage":"es"},{"@type":"Organization","@id":"https:\/\/www.bvmi.org\/#organization","name":"Iniciativa m\u00e9dica voluntaria de Bergen","url":"https:\/\/www.bvmi.org\/","logo":{"@type":"ImageObject","inLanguage":"es","@id":"https:\/\/www.bvmi.org\/#\/schema\/logo\/image\/","url":"https:\/\/www.bvmi.org\/wp-content\/uploads\/2021\/09\/BVMI-logo.svg","contentUrl":"https:\/\/www.bvmi.org\/wp-content\/uploads\/2021\/09\/BVMI-logo.svg","width":198,"height":89,"caption":"Bergen Volunteer Medical Initiative"},"image":{"@id":"https:\/\/www.bvmi.org\/#\/schema\/logo\/image\/"}}]}},"_links":{"self":[{"href":"https:\/\/www.bvmi.org\/es\/wp-json\/wp\/v2\/pages\/2156","targetHints":{"allow":["GET"]}}],"collection":[{"href":"https:\/\/www.bvmi.org\/es\/wp-json\/wp\/v2\/pages"}],"about":[{"href":"https:\/\/www.bvmi.org\/es\/wp-json\/wp\/v2\/types\/page"}],"author":[{"embeddable":true,"href":"https:\/\/www.bvmi.org\/es\/wp-json\/wp\/v2\/users\/1"}],"replies":[{"embeddable":true,"href":"https:\/\/www.bvmi.org\/es\/wp-json\/wp\/v2\/comments?post=2156"}],"version-history":[{"count":34,"href":"https:\/\/www.bvmi.org\/es\/wp-json\/wp\/v2\/pages\/2156\/revisions"}],"predecessor-version":[{"id":7080,"href":"https:\/\/www.bvmi.org\/es\/wp-json\/wp\/v2\/pages\/2156\/revisions\/7080"}],"wp:featuredmedia":[{"embeddable":true,"href":"https:\/\/www.bvmi.org\/es\/wp-json\/wp\/v2\/media\/2192"}],"wp:attachment":[{"href":"https:\/\/www.bvmi.org\/es\/wp-json\/wp\/v2\/media?parent=2156"}],"curies":[{"name":"wp","href":"https:\/\/api.w.org\/{rel}","templated":true}]}}