{"id":1760,"date":"2021-10-04T16:14:46","date_gmt":"2021-10-04T16:14:46","guid":{"rendered":"http:\/\/198.46.89.184\/~bvmior5\/?page_id=1760"},"modified":"2026-03-11T18:17:38","modified_gmt":"2026-03-11T18:17:38","slug":"new-and-notable","status":"publish","type":"page","link":"https:\/\/www.bvmi.org\/es\/new-and-notable\/","title":{"rendered":"Nuevo y notable"},"content":{"rendered":"<div data-elementor-type=\"wp-page\" data-elementor-id=\"1760\" class=\"elementor elementor-1760\" data-elementor-post-type=\"page\">\n\t\t\t\t\t\t<section class=\"elementor-section elementor-top-section elementor-element elementor-element-b6d1135 elementor-section-boxed elementor-section-height-default elementor-section-height-default\" data-id=\"b6d1135\" data-element_type=\"section\" data-e-type=\"section\" data-settings=\"{&quot;background_background&quot;:&quot;classic&quot;}\">\n\t\t\t\t\t\t<div class=\"elementor-container elementor-column-gap-default\">\n\t\t\t\t\t<div class=\"elementor-column elementor-col-100 elementor-top-column elementor-element elementor-element-5f2095a2\" data-id=\"5f2095a2\" data-element_type=\"column\" data-e-type=\"column\">\n\t\t\t<div class=\"elementor-widget-wrap elementor-element-populated\">\n\t\t\t\t\t\t<div class=\"elementor-element elementor-element-49bfb7c4 elementor-widget elementor-widget-heading\" data-id=\"49bfb7c4\" data-element_type=\"widget\" data-e-type=\"widget\" data-widget_type=\"heading.default\">\n\t\t\t\t<div class=\"elementor-widget-container\">\n\t\t\t\t\t<h1 class=\"elementor-heading-title elementor-size-default\">Nuevo y notable<\/h1>\t\t\t\t<\/div>\n\t\t\t\t<\/div>\n\t\t\t\t\t<\/div>\n\t\t<\/div>\n\t\t\t\t\t<\/div>\n\t\t<\/section>\n\t\t\t\t<section class=\"elementor-section elementor-top-section elementor-element elementor-element-b22c871 elementor-section-boxed elementor-section-height-default elementor-section-height-default\" data-id=\"b22c871\" data-element_type=\"section\" data-e-type=\"section\">\n\t\t\t\t\t\t<div class=\"elementor-container elementor-column-gap-default\">\n\t\t\t\t\t<div class=\"elementor-column elementor-col-100 elementor-top-column elementor-element elementor-element-ecb28da\" data-id=\"ecb28da\" data-element_type=\"column\" data-e-type=\"column\">\n\t\t\t<div class=\"elementor-widget-wrap elementor-element-populated\">\n\t\t\t\t\t\t<div class=\"elementor-element elementor-element-1716570 elementor-widget elementor-widget-heading\" data-id=\"1716570\" data-element_type=\"widget\" data-e-type=\"widget\" data-widget_type=\"heading.default\">\n\t\t\t\t<div class=\"elementor-widget-container\">\n\t\t\t\t\t<h2 class=\"elementor-heading-title elementor-size-default\">BVMI en las noticias!<\/h2>\t\t\t\t<\/div>\n\t\t\t\t<\/div>\n\t\t\t\t<div class=\"elementor-element elementor-element-e98011d elementor-grid-3 elementor-grid-tablet-2 elementor-grid-mobile-1 elementor-posts--thumbnail-top elementor-card-shadow-yes elementor-posts__hover-gradient load-more-align-center elementor-widget elementor-widget-posts\" data-id=\"e98011d\" data-element_type=\"widget\" data-e-type=\"widget\" data-settings=\"{&quot;pagination_type&quot;:&quot;load_more_on_click&quot;,&quot;cards_columns&quot;:&quot;3&quot;,&quot;cards_columns_tablet&quot;:&quot;2&quot;,&quot;cards_columns_mobile&quot;:&quot;1&quot;,&quot;cards_row_gap&quot;:{&quot;unit&quot;:&quot;px&quot;,&quot;size&quot;:35,&quot;sizes&quot;:[]},&quot;cards_row_gap_tablet&quot;:{&quot;unit&quot;:&quot;px&quot;,&quot;size&quot;:&quot;&quot;,&quot;sizes&quot;:[]},&quot;cards_row_gap_mobile_extra&quot;:{&quot;unit&quot;:&quot;px&quot;,&quot;size&quot;:&quot;&quot;,&quot;sizes&quot;:[]},&quot;cards_row_gap_mobile&quot;:{&quot;unit&quot;:&quot;px&quot;,&quot;size&quot;:&quot;&quot;,&quot;sizes&quot;:[]},&quot;load_more_spinner&quot;:{&quot;value&quot;:&quot;fas fa-spinner&quot;,&quot;library&quot;:&quot;fa-solid&quot;}}\" data-widget_type=\"posts.cards\">\n\t\t\t\t<div class=\"elementor-widget-container\">\n\t\t\t\t\t\t\t<div class=\"elementor-posts-container elementor-posts elementor-posts--skin-cards elementor-grid\" role=\"list\">\n\t\t\t\t<article class=\"elementor-post elementor-grid-item post-8093 post type-post status-publish format-standard has-post-thumbnail hentry category-new-and-notable-category\" role=\"listitem\">\n\t\t\t<div class=\"elementor-post__card\">\n\t\t\t\t<a class=\"elementor-post__thumbnail__link\" href=\"https:\/\/www.bvmi.org\/es\/with-your-help-bvmi-is-making-bergen-county-healthy\/\" tabindex=\"-1\" ><div class=\"elementor-post__thumbnail\"><img fetchpriority=\"high\" decoding=\"async\" width=\"1057\" height=\"516\" src=\"https:\/\/www.bvmi.org\/wp-content\/uploads\/2024\/10\/Bergen-County-Healthy.jpg\" class=\"attachment-full size-full wp-image-8094\" alt=\"\" srcset=\"https:\/\/www.bvmi.org\/wp-content\/uploads\/2024\/10\/Bergen-County-Healthy.jpg 1057w, https:\/\/www.bvmi.org\/wp-content\/uploads\/2024\/10\/Bergen-County-Healthy-300x146.jpg 300w, https:\/\/www.bvmi.org\/wp-content\/uploads\/2024\/10\/Bergen-County-Healthy-1024x500.jpg 1024w, https:\/\/www.bvmi.org\/wp-content\/uploads\/2024\/10\/Bergen-County-Healthy-768x375.jpg 768w, https:\/\/www.bvmi.org\/wp-content\/uploads\/2024\/10\/Bergen-County-Healthy-18x9.jpg 18w\" sizes=\"(max-width: 1057px) 100vw, 1057px\" \/><\/div><\/a>\n\t\t\t\t<div class=\"elementor-post__text\">\n\t\t\t\t<h3 class=\"elementor-post__title\">\n\t\t\t<a href=\"https:\/\/www.bvmi.org\/es\/with-your-help-bvmi-is-making-bergen-county-healthy\/\" >\n\t\t\t\tWith your help, BVMI is making Bergen County Healthy\t\t\t<\/a>\n\t\t<\/h3>\n\t\t\t\t<div class=\"elementor-post__excerpt\">\n\t\t\t<p>Watch this short video to learn how your support is making a difference in Angela&#8217;s life. <\/p>\t\t<\/div>\n\t\t\n\t\t<a class=\"elementor-post__read-more\" href=\"https:\/\/www.bvmi.org\/es\/with-your-help-bvmi-is-making-bergen-county-healthy\/\" aria-label=\"M\u00e1s informaci\u00f3n sobre With your help, BVMI is making Bergen County Healthy\" tabindex=\"-1\" >\n\t\t\tLee mas &quot;\t\t<\/a>\n\n\t\t\t\t<\/div>\n\t\t\t\t<div class=\"elementor-post__meta-data\">\n\t\t\t\t\t<span class=\"elementor-post-date\">\n\t\t\toctubre 29, 2024\t\t<\/span>\n\t\t\t\t<\/div>\n\t\t\t\t\t<\/div>\n\t\t<\/article>\n\t\t\t\t<article class=\"elementor-post elementor-grid-item post-8082 post type-post status-publish format-standard has-post-thumbnail hentry category-new-and-notable-category\" role=\"listitem\">\n\t\t\t<div class=\"elementor-post__card\">\n\t\t\t\t<a class=\"elementor-post__thumbnail__link\" href=\"https:\/\/www.bvmi.org\/es\/health-equity-champion-thomas-j-duch-esq\/\" tabindex=\"-1\" ><div class=\"elementor-post__thumbnail\"><img decoding=\"async\" width=\"1057\" height=\"516\" src=\"https:\/\/www.bvmi.org\/wp-content\/uploads\/2024\/10\/Health-Equity-Champion-Thomas-J-Duch-Esq.jpg\" class=\"attachment-full size-full wp-image-8084\" alt=\"\" srcset=\"https:\/\/www.bvmi.org\/wp-content\/uploads\/2024\/10\/Health-Equity-Champion-Thomas-J-Duch-Esq.jpg 1057w, https:\/\/www.bvmi.org\/wp-content\/uploads\/2024\/10\/Health-Equity-Champion-Thomas-J-Duch-Esq-300x146.jpg 300w, https:\/\/www.bvmi.org\/wp-content\/uploads\/2024\/10\/Health-Equity-Champion-Thomas-J-Duch-Esq-1024x500.jpg 1024w, https:\/\/www.bvmi.org\/wp-content\/uploads\/2024\/10\/Health-Equity-Champion-Thomas-J-Duch-Esq-768x375.jpg 768w, https:\/\/www.bvmi.org\/wp-content\/uploads\/2024\/10\/Health-Equity-Champion-Thomas-J-Duch-Esq-18x9.jpg 18w\" sizes=\"(max-width: 1057px) 100vw, 1057px\" \/><\/div><\/a>\n\t\t\t\t<div class=\"elementor-post__text\">\n\t\t\t\t<h3 class=\"elementor-post__title\">\n\t\t\t<a href=\"https:\/\/www.bvmi.org\/es\/health-equity-champion-thomas-j-duch-esq\/\" >\n\t\t\t\tHealth Equity Champion, Thomas J. Duch, Esq.\t\t\t<\/a>\n\t\t<\/h3>\n\t\t\t\t<div class=\"elementor-post__excerpt\">\n\t\t\t<p>BVMI&#8217;s 15th Anniversary Gala honored Tom Duch, Esq. for his role in expanding access to BVMI&#8217;s lifesaving healthcare. <\/p>\t\t<\/div>\n\t\t\n\t\t<a class=\"elementor-post__read-more\" href=\"https:\/\/www.bvmi.org\/es\/health-equity-champion-thomas-j-duch-esq\/\" aria-label=\"M\u00e1s informaci\u00f3n sobre Health Equity Champion, Thomas J. Duch, Esq.\" tabindex=\"-1\" >\n\t\t\tLee mas &quot;\t\t<\/a>\n\n\t\t\t\t<\/div>\n\t\t\t\t<div class=\"elementor-post__meta-data\">\n\t\t\t\t\t<span class=\"elementor-post-date\">\n\t\t\toctubre 29, 2024\t\t<\/span>\n\t\t\t\t<\/div>\n\t\t\t\t\t<\/div>\n\t\t<\/article>\n\t\t\t\t<article class=\"elementor-post elementor-grid-item post-7676 post type-post status-publish format-standard has-post-thumbnail hentry category-new-and-notable-category\" role=\"listitem\">\n\t\t\t<div class=\"elementor-post__card\">\n\t\t\t\t<a class=\"elementor-post__thumbnail__link\" href=\"https:\/\/www.bvmi.org\/es\/putting-care-in-healthcare\/\" tabindex=\"-1\" ><div class=\"elementor-post__thumbnail\"><img decoding=\"async\" width=\"1057\" height=\"516\" src=\"https:\/\/www.bvmi.org\/wp-content\/uploads\/2024\/08\/BVMI-putting-the-care-in-healthcare.jpg\" class=\"attachment-full size-full wp-image-7679\" alt=\"\" srcset=\"https:\/\/www.bvmi.org\/wp-content\/uploads\/2024\/08\/BVMI-putting-the-care-in-healthcare.jpg 1057w, https:\/\/www.bvmi.org\/wp-content\/uploads\/2024\/08\/BVMI-putting-the-care-in-healthcare-300x146.jpg 300w, https:\/\/www.bvmi.org\/wp-content\/uploads\/2024\/08\/BVMI-putting-the-care-in-healthcare-1024x500.jpg 1024w, https:\/\/www.bvmi.org\/wp-content\/uploads\/2024\/08\/BVMI-putting-the-care-in-healthcare-768x375.jpg 768w, https:\/\/www.bvmi.org\/wp-content\/uploads\/2024\/08\/BVMI-putting-the-care-in-healthcare-18x9.jpg 18w\" sizes=\"(max-width: 1057px) 100vw, 1057px\" \/><\/div><\/a>\n\t\t\t\t<div class=\"elementor-post__text\">\n\t\t\t\t<h3 class=\"elementor-post__title\">\n\t\t\t<a href=\"https:\/\/www.bvmi.org\/es\/putting-care-in-healthcare\/\" >\n\t\t\t\tPutting &#8216;CARE&#8217; in Healthcare\t\t\t<\/a>\n\t\t<\/h3>\n\t\t\t\t<div class=\"elementor-post__excerpt\">\n\t\t\t<p>BC The Mag&#8217;s Health, Beauty &#038; Fitness Summer 2024 edition. Read about how BVMI has been improving lives for 15 years with the support of donors,\t\t<\/div>\n\t\t\n\t\t<a class=\"elementor-post__read-more\" href=\"https:\/\/www.bvmi.org\/es\/putting-care-in-healthcare\/\" aria-label=\"M\u00e1s informaci\u00f3n sobre Putting &#8216;CARE&#8217; in Healthcare\" tabindex=\"-1\" >\n\t\t\tLee mas &quot;\t\t<\/a>\n\n\t\t\t\t<\/div>\n\t\t\t\t<div class=\"elementor-post__meta-data\">\n\t\t\t\t\t<span class=\"elementor-post-date\">\n\t\t\tagosto 26, 2024\t\t<\/span>\n\t\t\t\t<\/div>\n\t\t\t\t\t<\/div>\n\t\t<\/article>\n\t\t\t\t<article class=\"elementor-post elementor-grid-item post-6735 post type-post status-publish format-standard has-post-thumbnail hentry category-new-and-notable-category\" role=\"listitem\">\n\t\t\t<div class=\"elementor-post__card\">\n\t\t\t\t<a class=\"elementor-post__thumbnail__link\" href=\"https:\/\/www.bvmi.org\/es\/making-a-difference-one-patient-at-a-time\/\" tabindex=\"-1\" ><div class=\"elementor-post__thumbnail\"><img loading=\"lazy\" decoding=\"async\" width=\"1057\" height=\"516\" src=\"https:\/\/www.bvmi.org\/wp-content\/uploads\/2023\/10\/BVMI-Making-a-Difference-One-Patient-at-a-Time.jpg\" class=\"attachment-full size-full wp-image-6736\" alt=\"\" srcset=\"https:\/\/www.bvmi.org\/wp-content\/uploads\/2023\/10\/BVMI-Making-a-Difference-One-Patient-at-a-Time.jpg 1057w, https:\/\/www.bvmi.org\/wp-content\/uploads\/2023\/10\/BVMI-Making-a-Difference-One-Patient-at-a-Time-300x146.jpg 300w, https:\/\/www.bvmi.org\/wp-content\/uploads\/2023\/10\/BVMI-Making-a-Difference-One-Patient-at-a-Time-1024x500.jpg 1024w, https:\/\/www.bvmi.org\/wp-content\/uploads\/2023\/10\/BVMI-Making-a-Difference-One-Patient-at-a-Time-768x375.jpg 768w, https:\/\/www.bvmi.org\/wp-content\/uploads\/2023\/10\/BVMI-Making-a-Difference-One-Patient-at-a-Time-18x9.jpg 18w\" sizes=\"(max-width: 1057px) 100vw, 1057px\" \/><\/div><\/a>\n\t\t\t\t<div class=\"elementor-post__text\">\n\t\t\t\t<h3 class=\"elementor-post__title\">\n\t\t\t<a href=\"https:\/\/www.bvmi.org\/es\/making-a-difference-one-patient-at-a-time\/\" >\n\t\t\t\tMaking a Difference, One Patient at a Time.\t\t\t<\/a>\n\t\t<\/h3>\n\t\t\t\t<div class=\"elementor-post__excerpt\">\n\t\t\t<p>Meet BVMI patient, Carlos, and learn how BVMI is helping him lead a healthier life. <\/p>\t\t<\/div>\n\t\t\n\t\t<a class=\"elementor-post__read-more\" href=\"https:\/\/www.bvmi.org\/es\/making-a-difference-one-patient-at-a-time\/\" aria-label=\"M\u00e1s informaci\u00f3n sobre Making a Difference, One Patient at a Time.\" tabindex=\"-1\" >\n\t\t\tLee mas &quot;\t\t<\/a>\n\n\t\t\t\t<\/div>\n\t\t\t\t<div class=\"elementor-post__meta-data\">\n\t\t\t\t\t<span class=\"elementor-post-date\">\n\t\t\toctubre 24, 2023\t\t<\/span>\n\t\t\t\t<\/div>\n\t\t\t\t\t<\/div>\n\t\t<\/article>\n\t\t\t\t<article class=\"elementor-post elementor-grid-item post-6390 post type-post status-publish format-standard has-post-thumbnail hentry category-new-and-notable-category\" role=\"listitem\">\n\t\t\t<div class=\"elementor-post__card\">\n\t\t\t\t<a class=\"elementor-post__thumbnail__link\" href=\"https:\/\/www.bvmi.org\/es\/get-to-know-bvmi-with-dr-jasneet-kaur\/\" tabindex=\"-1\" ><div class=\"elementor-post__thumbnail\"><img loading=\"lazy\" decoding=\"async\" width=\"994\" height=\"513\" src=\"https:\/\/www.bvmi.org\/wp-content\/uploads\/2023\/07\/SNAG-0001.jpg\" class=\"attachment-full size-full wp-image-6391\" alt=\"\" srcset=\"https:\/\/www.bvmi.org\/wp-content\/uploads\/2023\/07\/SNAG-0001.jpg 994w, https:\/\/www.bvmi.org\/wp-content\/uploads\/2023\/07\/SNAG-0001-300x155.jpg 300w, https:\/\/www.bvmi.org\/wp-content\/uploads\/2023\/07\/SNAG-0001-768x396.jpg 768w, https:\/\/www.bvmi.org\/wp-content\/uploads\/2023\/07\/SNAG-0001-18x9.jpg 18w\" sizes=\"(max-width: 994px) 100vw, 994px\" \/><\/div><\/a>\n\t\t\t\t<div class=\"elementor-post__text\">\n\t\t\t\t<h3 class=\"elementor-post__title\">\n\t\t\t<a href=\"https:\/\/www.bvmi.org\/es\/get-to-know-bvmi-with-dr-jasneet-kaur\/\" >\n\t\t\t\tGet to Know BVMI with Dr. Jasneet Kaur\t\t\t<\/a>\n\t\t<\/h3>\n\t\t\t\t<div class=\"elementor-post__excerpt\">\n\t\t\t<p>We&#8217;d like to introduce you to BVMI&#8217;s new Associate Medical Director, Dr. Jasneet Kaur, who joined BVMI in August 2022. She works alongside Medical Director Dr.\t\t<\/div>\n\t\t\n\t\t<a class=\"elementor-post__read-more\" href=\"https:\/\/www.bvmi.org\/es\/get-to-know-bvmi-with-dr-jasneet-kaur\/\" aria-label=\"M\u00e1s informaci\u00f3n sobre Get to Know BVMI with Dr. Jasneet Kaur\" tabindex=\"-1\" >\n\t\t\tLee mas &quot;\t\t<\/a>\n\n\t\t\t\t<\/div>\n\t\t\t\t<div class=\"elementor-post__meta-data\">\n\t\t\t\t\t<span class=\"elementor-post-date\">\n\t\t\tjulio 12, 2023\t\t<\/span>\n\t\t\t\t<\/div>\n\t\t\t\t\t<\/div>\n\t\t<\/article>\n\t\t\t\t<article class=\"elementor-post elementor-grid-item post-6308 post type-post status-publish format-standard has-post-thumbnail hentry category-new-and-notable-category\" role=\"listitem\">\n\t\t\t<div class=\"elementor-post__card\">\n\t\t\t\t<a class=\"elementor-post__thumbnail__link\" href=\"https:\/\/www.bvmi.org\/es\/catching-up-with-amanda-missey\/\" tabindex=\"-1\" ><div class=\"elementor-post__thumbnail\"><img loading=\"lazy\" decoding=\"async\" width=\"805\" height=\"400\" src=\"https:\/\/www.bvmi.org\/wp-content\/uploads\/2023\/06\/amanda-missey-201-magazine.jpg\" class=\"attachment-full size-full wp-image-6311\" alt=\"\" srcset=\"https:\/\/www.bvmi.org\/wp-content\/uploads\/2023\/06\/amanda-missey-201-magazine.jpg 805w, https:\/\/www.bvmi.org\/wp-content\/uploads\/2023\/06\/amanda-missey-201-magazine-300x149.jpg 300w, https:\/\/www.bvmi.org\/wp-content\/uploads\/2023\/06\/amanda-missey-201-magazine-768x382.jpg 768w, https:\/\/www.bvmi.org\/wp-content\/uploads\/2023\/06\/amanda-missey-201-magazine-18x9.jpg 18w\" sizes=\"(max-width: 805px) 100vw, 805px\" \/><\/div><\/a>\n\t\t\t\t<div class=\"elementor-post__text\">\n\t\t\t\t<h3 class=\"elementor-post__title\">\n\t\t\t<a href=\"https:\/\/www.bvmi.org\/es\/catching-up-with-amanda-missey\/\" >\n\t\t\t\tCatching up with Amanda Missey\t\t\t<\/a>\n\t\t<\/h3>\n\t\t\t\t<div class=\"elementor-post__excerpt\">\n\t\t\t<p>201 Magazine catches up with BVMI President and CEO, Amanda Missey, ten years after they last interviewed her. <\/p>\t\t<\/div>\n\t\t\n\t\t<a class=\"elementor-post__read-more\" href=\"https:\/\/www.bvmi.org\/es\/catching-up-with-amanda-missey\/\" aria-label=\"M\u00e1s informaci\u00f3n sobre Catching up with Amanda Missey\" tabindex=\"-1\" >\n\t\t\tLee mas &quot;\t\t<\/a>\n\n\t\t\t\t<\/div>\n\t\t\t\t<div class=\"elementor-post__meta-data\">\n\t\t\t\t\t<span class=\"elementor-post-date\">\n\t\t\tjunio 16, 2023\t\t<\/span>\n\t\t\t\t<\/div>\n\t\t\t\t\t<\/div>\n\t\t<\/article>\n\t\t\t\t<\/div>\n\t\t\t\t\t<span class=\"e-load-more-spinner\">\n\t\t\t\t<i aria-hidden=\"true\" class=\"fas fa-spinner\"><\/i>\t\t\t<\/span>\n\t\t\n\t\t\t\t<div class=\"e-load-more-anchor\" data-page=\"1\" data-max-page=\"3\" data-next-page=\"https:\/\/www.bvmi.org\/es\/wp-json\/wp\/v2\/pages\/1760\/page\/2\/\"><\/div>\n\t\t\t\t<div class=\"elementor-button-wrapper\">\n\t\t\t<a class=\"elementor-button elementor-size-sm\" role=\"button\">\n\t\t\t\t\t\t<span class=\"elementor-button-content-wrapper\">\n\t\t\t\t\t\t\t\t\t<span class=\"elementor-button-text\">Load More<\/span>\n\t\t\t\t\t<\/span>\n\t\t\t\t\t<\/a>\n\t\t<\/div>\n\t\t\t\t<div class=\"e-load-more-message\"><\/div>\n\t\t\t\t\t\t<\/div>\n\t\t\t\t<\/div>\n\t\t\t\t\t<\/div>\n\t\t<\/div>\n\t\t\t\t\t<\/div>\n\t\t<\/section>\n\t\t\t\t<\/div>","protected":false},"excerpt":{"rendered":"<p>BVMI en las noticias!<\/p>","protected":false},"author":1,"featured_media":2192,"parent":0,"menu_order":0,"comment_status":"closed","ping_status":"closed","template":"","meta":{"_acf_changed":false,"footnotes":""},"class_list":["post-1760","page","type-page","status-publish","has-post-thumbnail","hentry"],"acf":[],"yoast_head":"<!-- This site is optimized with the Yoast SEO plugin v27.3 - https:\/\/yoast.com\/product\/yoast-seo-wordpress\/ -->\n<title>New &amp; Notable | Bergen Volunteer Medical Initiative<\/title>\n<meta name=\"description\" content=\"BVMI in the news!\" \/>\n<meta name=\"robots\" content=\"index, follow, max-snippet:-1, max-image-preview:large, max-video-preview:-1\" \/>\n<link rel=\"canonical\" href=\"https:\/\/www.bvmi.org\/es\/new-and-notable\/\" \/>\n<meta property=\"og:locale\" content=\"es_ES\" \/>\n<meta property=\"og:type\" content=\"article\" \/>\n<meta property=\"og:title\" content=\"New &amp; Notable | Bergen Volunteer Medical Initiative\" \/>\n<meta property=\"og:description\" content=\"BVMI in the news!\" \/>\n<meta property=\"og:url\" content=\"https:\/\/www.bvmi.org\/es\/new-and-notable\/\" \/>\n<meta property=\"og:site_name\" content=\"Bergen Volunteer Medical Initiative\" \/>\n<meta property=\"article:modified_time\" content=\"2026-03-11T18:17:38+00:00\" \/>\n<meta property=\"og:image\" content=\"https:\/\/www.bvmi.org\/wp-content\/uploads\/2021\/10\/BVMI-feaured-image.jpg\" \/>\n\t<meta property=\"og:image:width\" content=\"1000\" \/>\n\t<meta property=\"og:image:height\" content=\"667\" \/>\n\t<meta property=\"og:image:type\" content=\"image\/jpeg\" \/>\n<meta name=\"twitter:card\" content=\"summary_large_image\" \/>\n<meta name=\"twitter:label1\" content=\"Tiempo de lectura\" \/>\n\t<meta name=\"twitter:data1\" content=\"2 minutos\" \/>\n<script type=\"application\/ld+json\" class=\"yoast-schema-graph\">{\"@context\":\"https:\\\/\\\/schema.org\",\"@graph\":[{\"@type\":\"WebPage\",\"@id\":\"https:\\\/\\\/www.bvmi.org\\\/new-and-notable\\\/\",\"url\":\"https:\\\/\\\/www.bvmi.org\\\/new-and-notable\\\/\",\"name\":\"New & Notable | Bergen Volunteer Medical Initiative\",\"isPartOf\":{\"@id\":\"https:\\\/\\\/www.bvmi.org\\\/#website\"},\"primaryImageOfPage\":{\"@id\":\"https:\\\/\\\/www.bvmi.org\\\/new-and-notable\\\/#primaryimage\"},\"image\":{\"@id\":\"https:\\\/\\\/www.bvmi.org\\\/new-and-notable\\\/#primaryimage\"},\"thumbnailUrl\":\"https:\\\/\\\/www.bvmi.org\\\/wp-content\\\/uploads\\\/2021\\\/10\\\/BVMI-feaured-image.jpg\",\"datePublished\":\"2021-10-04T16:14:46+00:00\",\"dateModified\":\"2026-03-11T18:17:38+00:00\",\"description\":\"BVMI in the news!\",\"breadcrumb\":{\"@id\":\"https:\\\/\\\/www.bvmi.org\\\/new-and-notable\\\/#breadcrumb\"},\"inLanguage\":\"es\",\"potentialAction\":[{\"@type\":\"ReadAction\",\"target\":[\"https:\\\/\\\/www.bvmi.org\\\/new-and-notable\\\/\"]}]},{\"@type\":\"ImageObject\",\"inLanguage\":\"es\",\"@id\":\"https:\\\/\\\/www.bvmi.org\\\/new-and-notable\\\/#primaryimage\",\"url\":\"https:\\\/\\\/www.bvmi.org\\\/wp-content\\\/uploads\\\/2021\\\/10\\\/BVMI-feaured-image.jpg\",\"contentUrl\":\"https:\\\/\\\/www.bvmi.org\\\/wp-content\\\/uploads\\\/2021\\\/10\\\/BVMI-feaured-image.jpg\",\"width\":1000,\"height\":667,\"caption\":\"BVMI | Bergen Volunteer Medical Initiative | Free Healthcare for the Working Uninsured\"},{\"@type\":\"BreadcrumbList\",\"@id\":\"https:\\\/\\\/www.bvmi.org\\\/new-and-notable\\\/#breadcrumb\",\"itemListElement\":[{\"@type\":\"ListItem\",\"position\":1,\"name\":\"Home\",\"item\":\"https:\\\/\\\/www.bvmi.org\\\/\"},{\"@type\":\"ListItem\",\"position\":2,\"name\":\"New &#038; Notable\"}]},{\"@type\":\"WebSite\",\"@id\":\"https:\\\/\\\/www.bvmi.org\\\/#website\",\"url\":\"https:\\\/\\\/www.bvmi.org\\\/\",\"name\":\"Bergen Volunteer Medical Initiative\",\"description\":\"Free Healthcare for the Working Uninsured\",\"publisher\":{\"@id\":\"https:\\\/\\\/www.bvmi.org\\\/#organization\"},\"potentialAction\":[{\"@type\":\"SearchAction\",\"target\":{\"@type\":\"EntryPoint\",\"urlTemplate\":\"https:\\\/\\\/www.bvmi.org\\\/?s={search_term_string}\"},\"query-input\":{\"@type\":\"PropertyValueSpecification\",\"valueRequired\":true,\"valueName\":\"search_term_string\"}}],\"inLanguage\":\"es\"},{\"@type\":\"Organization\",\"@id\":\"https:\\\/\\\/www.bvmi.org\\\/#organization\",\"name\":\"Bergen Volunteer Medical Initiative\",\"url\":\"https:\\\/\\\/www.bvmi.org\\\/\",\"logo\":{\"@type\":\"ImageObject\",\"inLanguage\":\"es\",\"@id\":\"https:\\\/\\\/www.bvmi.org\\\/#\\\/schema\\\/logo\\\/image\\\/\",\"url\":\"https:\\\/\\\/www.bvmi.org\\\/wp-content\\\/uploads\\\/2021\\\/09\\\/BVMI-logo.svg\",\"contentUrl\":\"https:\\\/\\\/www.bvmi.org\\\/wp-content\\\/uploads\\\/2021\\\/09\\\/BVMI-logo.svg\",\"width\":198,\"height\":89,\"caption\":\"Bergen Volunteer Medical Initiative\"},\"image\":{\"@id\":\"https:\\\/\\\/www.bvmi.org\\\/#\\\/schema\\\/logo\\\/image\\\/\"}}]}<\/script>\n<!-- \/ Yoast SEO plugin. -->","yoast_head_json":{"title":"New & Notable | Bergen Volunteer Medical Initiative","description":"BVMI en las noticias!","robots":{"index":"index","follow":"follow","max-snippet":"max-snippet:-1","max-image-preview":"max-image-preview:large","max-video-preview":"max-video-preview:-1"},"canonical":"https:\/\/www.bvmi.org\/es\/new-and-notable\/","og_locale":"es_ES","og_type":"article","og_title":"New & Notable | Bergen Volunteer Medical Initiative","og_description":"BVMI in the news!","og_url":"https:\/\/www.bvmi.org\/es\/new-and-notable\/","og_site_name":"Bergen Volunteer Medical Initiative","article_modified_time":"2026-03-11T18:17:38+00:00","og_image":[{"width":1000,"height":667,"url":"https:\/\/www.bvmi.org\/wp-content\/uploads\/2021\/10\/BVMI-feaured-image.jpg","type":"image\/jpeg"}],"twitter_card":"summary_large_image","twitter_misc":{"Tiempo de lectura":"2 minutos"},"schema":{"@context":"https:\/\/schema.org","@graph":[{"@type":"WebPage","@id":"https:\/\/www.bvmi.org\/new-and-notable\/","url":"https:\/\/www.bvmi.org\/new-and-notable\/","name":"New & Notable | Bergen Volunteer Medical Initiative","isPartOf":{"@id":"https:\/\/www.bvmi.org\/#website"},"primaryImageOfPage":{"@id":"https:\/\/www.bvmi.org\/new-and-notable\/#primaryimage"},"image":{"@id":"https:\/\/www.bvmi.org\/new-and-notable\/#primaryimage"},"thumbnailUrl":"https:\/\/www.bvmi.org\/wp-content\/uploads\/2021\/10\/BVMI-feaured-image.jpg","datePublished":"2021-10-04T16:14:46+00:00","dateModified":"2026-03-11T18:17:38+00:00","description":"BVMI en las noticias!","breadcrumb":{"@id":"https:\/\/www.bvmi.org\/new-and-notable\/#breadcrumb"},"inLanguage":"es","potentialAction":[{"@type":"ReadAction","target":["https:\/\/www.bvmi.org\/new-and-notable\/"]}]},{"@type":"ImageObject","inLanguage":"es","@id":"https:\/\/www.bvmi.org\/new-and-notable\/#primaryimage","url":"https:\/\/www.bvmi.org\/wp-content\/uploads\/2021\/10\/BVMI-feaured-image.jpg","contentUrl":"https:\/\/www.bvmi.org\/wp-content\/uploads\/2021\/10\/BVMI-feaured-image.jpg","width":1000,"height":667,"caption":"BVMI | Bergen Volunteer Medical Initiative | Free Healthcare for the Working Uninsured"},{"@type":"BreadcrumbList","@id":"https:\/\/www.bvmi.org\/new-and-notable\/#breadcrumb","itemListElement":[{"@type":"ListItem","position":1,"name":"Home","item":"https:\/\/www.bvmi.org\/"},{"@type":"ListItem","position":2,"name":"New &#038; Notable"}]},{"@type":"WebSite","@id":"https:\/\/www.bvmi.org\/#website","url":"https:\/\/www.bvmi.org\/","name":"Iniciativa m\u00e9dica voluntaria de Bergen","description":"Atenci\u00f3n m\u00e9dica gratuita para los trabajadores sin seguro","publisher":{"@id":"https:\/\/www.bvmi.org\/#organization"},"potentialAction":[{"@type":"SearchAction","target":{"@type":"EntryPoint","urlTemplate":"https:\/\/www.bvmi.org\/?s={search_term_string}"},"query-input":{"@type":"PropertyValueSpecification","valueRequired":true,"valueName":"search_term_string"}}],"inLanguage":"es"},{"@type":"Organization","@id":"https:\/\/www.bvmi.org\/#organization","name":"Iniciativa m\u00e9dica voluntaria de Bergen","url":"https:\/\/www.bvmi.org\/","logo":{"@type":"ImageObject","inLanguage":"es","@id":"https:\/\/www.bvmi.org\/#\/schema\/logo\/image\/","url":"https:\/\/www.bvmi.org\/wp-content\/uploads\/2021\/09\/BVMI-logo.svg","contentUrl":"https:\/\/www.bvmi.org\/wp-content\/uploads\/2021\/09\/BVMI-logo.svg","width":198,"height":89,"caption":"Bergen Volunteer Medical Initiative"},"image":{"@id":"https:\/\/www.bvmi.org\/#\/schema\/logo\/image\/"}}]}},"_links":{"self":[{"href":"https:\/\/www.bvmi.org\/es\/wp-json\/wp\/v2\/pages\/1760","targetHints":{"allow":["GET"]}}],"collection":[{"href":"https:\/\/www.bvmi.org\/es\/wp-json\/wp\/v2\/pages"}],"about":[{"href":"https:\/\/www.bvmi.org\/es\/wp-json\/wp\/v2\/types\/page"}],"author":[{"embeddable":true,"href":"https:\/\/www.bvmi.org\/es\/wp-json\/wp\/v2\/users\/1"}],"replies":[{"embeddable":true,"href":"https:\/\/www.bvmi.org\/es\/wp-json\/wp\/v2\/comments?post=1760"}],"version-history":[{"count":47,"href":"https:\/\/www.bvmi.org\/es\/wp-json\/wp\/v2\/pages\/1760\/revisions"}],"predecessor-version":[{"id":10231,"href":"https:\/\/www.bvmi.org\/es\/wp-json\/wp\/v2\/pages\/1760\/revisions\/10231"}],"wp:featuredmedia":[{"embeddable":true,"href":"https:\/\/www.bvmi.org\/es\/wp-json\/wp\/v2\/media\/2192"}],"wp:attachment":[{"href":"https:\/\/www.bvmi.org\/es\/wp-json\/wp\/v2\/media?parent=1760"}],"curies":[{"name":"wp","href":"https:\/\/api.w.org\/{rel}","templated":true}]}}