{"id":1901,"date":"2021-10-04T19:23:04","date_gmt":"2021-10-04T19:23:04","guid":{"rendered":"http:\/\/198.46.89.184\/~bvmior5\/?page_id=1901"},"modified":"2026-03-11T18:16:34","modified_gmt":"2026-03-11T18:16:34","slug":"patient-stories","status":"publish","type":"page","link":"http:\/\/www.bvmi.org\/es\/patient-stories\/","title":{"rendered":"Historias de pacientes"},"content":{"rendered":"<div data-elementor-type=\"wp-page\" data-elementor-id=\"1901\" class=\"elementor elementor-1901\" data-elementor-post-type=\"page\">\n\t\t\t\t\t\t<section class=\"elementor-section elementor-top-section elementor-element elementor-element-5b5ae3ce elementor-section-boxed elementor-section-height-default elementor-section-height-default\" data-id=\"5b5ae3ce\" data-element_type=\"section\" data-e-type=\"section\" data-settings=\"{&quot;background_background&quot;:&quot;classic&quot;}\">\n\t\t\t\t\t\t<div class=\"elementor-container elementor-column-gap-default\">\n\t\t\t\t\t<div class=\"elementor-column elementor-col-100 elementor-top-column elementor-element elementor-element-64626a92\" data-id=\"64626a92\" data-element_type=\"column\" data-e-type=\"column\">\n\t\t\t<div class=\"elementor-widget-wrap elementor-element-populated\">\n\t\t\t\t\t\t<div class=\"elementor-element elementor-element-44abb7c9 elementor-widget elementor-widget-heading\" data-id=\"44abb7c9\" data-element_type=\"widget\" data-e-type=\"widget\" data-widget_type=\"heading.default\">\n\t\t\t\t<div class=\"elementor-widget-container\">\n\t\t\t\t\t<h1 class=\"elementor-heading-title elementor-size-default\">Historias de pacientes<\/h1>\t\t\t\t<\/div>\n\t\t\t\t<\/div>\n\t\t\t\t\t<\/div>\n\t\t<\/div>\n\t\t\t\t\t<\/div>\n\t\t<\/section>\n\t\t\t\t<section class=\"elementor-section elementor-top-section elementor-element elementor-element-34326d2 elementor-section-boxed elementor-section-height-default elementor-section-height-default\" data-id=\"34326d2\" data-element_type=\"section\" data-e-type=\"section\">\n\t\t\t\t\t\t<div class=\"elementor-container elementor-column-gap-default\">\n\t\t\t\t\t<div class=\"elementor-column elementor-col-100 elementor-top-column elementor-element elementor-element-a689884\" data-id=\"a689884\" data-element_type=\"column\" data-e-type=\"column\">\n\t\t\t<div class=\"elementor-widget-wrap elementor-element-populated\">\n\t\t\t\t\t\t<div class=\"elementor-element elementor-element-7f8eba2 elementor-grid-tablet-3 elementor-grid-mobile_extra-2 elementor-grid-3 elementor-grid-mobile-1 elementor-posts--thumbnail-top elementor-card-shadow-yes elementor-posts__hover-gradient load-more-align-center elementor-widget elementor-widget-posts\" data-id=\"7f8eba2\" data-element_type=\"widget\" data-e-type=\"widget\" data-settings=\"{&quot;pagination_type&quot;:&quot;load_more_on_click&quot;,&quot;cards_columns_tablet&quot;:&quot;3&quot;,&quot;cards_columns_mobile_extra&quot;:&quot;2&quot;,&quot;cards_columns&quot;:&quot;3&quot;,&quot;cards_columns_mobile&quot;:&quot;1&quot;,&quot;cards_row_gap&quot;:{&quot;unit&quot;:&quot;px&quot;,&quot;size&quot;:35,&quot;sizes&quot;:[]},&quot;cards_row_gap_tablet&quot;:{&quot;unit&quot;:&quot;px&quot;,&quot;size&quot;:&quot;&quot;,&quot;sizes&quot;:[]},&quot;cards_row_gap_mobile_extra&quot;:{&quot;unit&quot;:&quot;px&quot;,&quot;size&quot;:&quot;&quot;,&quot;sizes&quot;:[]},&quot;cards_row_gap_mobile&quot;:{&quot;unit&quot;:&quot;px&quot;,&quot;size&quot;:&quot;&quot;,&quot;sizes&quot;:[]},&quot;load_more_spinner&quot;:{&quot;value&quot;:&quot;fas fa-spinner&quot;,&quot;library&quot;:&quot;fa-solid&quot;}}\" data-widget_type=\"posts.cards\">\n\t\t\t\t<div class=\"elementor-widget-container\">\n\t\t\t\t\t\t\t<div class=\"elementor-posts-container elementor-posts elementor-posts--skin-cards elementor-grid\" role=\"list\">\n\t\t\t\t<article class=\"elementor-post elementor-grid-item post-7307 post type-post status-publish format-standard has-post-thumbnail hentry category-patient-story-category\" role=\"listitem\">\n\t\t\t<div class=\"elementor-post__card\">\n\t\t\t\t<a class=\"elementor-post__thumbnail__link\" href=\"http:\/\/www.bvmi.org\/es\/riva-anxiety-and-depression\/\" tabindex=\"-1\" ><div class=\"elementor-post__thumbnail\"><img fetchpriority=\"high\" decoding=\"async\" width=\"805\" height=\"400\" src=\"https:\/\/www.bvmi.org\/wp-content\/uploads\/2024\/04\/BVMI-mental-health-patient-story.jpg\" class=\"attachment-full size-full wp-image-7309\" alt=\"\" srcset=\"https:\/\/www.bvmi.org\/wp-content\/uploads\/2024\/04\/BVMI-mental-health-patient-story.jpg 805w, https:\/\/www.bvmi.org\/wp-content\/uploads\/2024\/04\/BVMI-mental-health-patient-story-300x149.jpg 300w, https:\/\/www.bvmi.org\/wp-content\/uploads\/2024\/04\/BVMI-mental-health-patient-story-768x382.jpg 768w, https:\/\/www.bvmi.org\/wp-content\/uploads\/2024\/04\/BVMI-mental-health-patient-story-18x9.jpg 18w\" sizes=\"(max-width: 805px) 100vw, 805px\" \/><\/div><\/a>\n\t\t\t\t<div class=\"elementor-post__text\">\n\t\t\t\t<h3 class=\"elementor-post__title\">\n\t\t\t<a href=\"http:\/\/www.bvmi.org\/es\/riva-anxiety-and-depression\/\" >\n\t\t\t\tRiva: Anxiety and Depression\t\t\t<\/a>\n\t\t<\/h3>\n\t\t\t\t<div class=\"elementor-post__excerpt\">\n\t\t\t<p>Anxiety and depression are common in BVMI patients. All struggle daily with the challenges of living in poverty, and many have suffered trauma and abuse. Riva\t\t<\/div>\n\t\t\n\t\t<a class=\"elementor-post__read-more\" href=\"http:\/\/www.bvmi.org\/es\/riva-anxiety-and-depression\/\" aria-label=\"M\u00e1s informaci\u00f3n sobre Riva: Anxiety and Depression\" tabindex=\"-1\" >\n\t\t\tLee mas &quot;\t\t<\/a>\n\n\t\t\t\t<\/div>\n\t\t\t\t<div class=\"elementor-post__meta-data\">\n\t\t\t\t\t<span class=\"elementor-post-date\">\n\t\t\tabril 25, 2024\t\t<\/span>\n\t\t\t\t<\/div>\n\t\t\t\t\t<\/div>\n\t\t<\/article>\n\t\t\t\t<article class=\"elementor-post elementor-grid-item post-6754 post type-post status-publish format-standard has-post-thumbnail hentry category-patient-story-category\" role=\"listitem\">\n\t\t\t<div class=\"elementor-post__card\">\n\t\t\t\t<a class=\"elementor-post__thumbnail__link\" href=\"http:\/\/www.bvmi.org\/es\/blanca-much-healthier-and-happier\/\" tabindex=\"-1\" ><div class=\"elementor-post__thumbnail\"><img decoding=\"async\" width=\"805\" height=\"500\" src=\"https:\/\/www.bvmi.org\/wp-content\/uploads\/2023\/11\/bvmi-patient-ye-2023-.jpg\" class=\"attachment-full size-full wp-image-6760\" alt=\"\" srcset=\"https:\/\/www.bvmi.org\/wp-content\/uploads\/2023\/11\/bvmi-patient-ye-2023-.jpg 805w, https:\/\/www.bvmi.org\/wp-content\/uploads\/2023\/11\/bvmi-patient-ye-2023--300x186.jpg 300w, https:\/\/www.bvmi.org\/wp-content\/uploads\/2023\/11\/bvmi-patient-ye-2023--768x477.jpg 768w, https:\/\/www.bvmi.org\/wp-content\/uploads\/2023\/11\/bvmi-patient-ye-2023--18x12.jpg 18w\" sizes=\"(max-width: 805px) 100vw, 805px\" \/><\/div><\/a>\n\t\t\t\t<div class=\"elementor-post__text\">\n\t\t\t\t<h3 class=\"elementor-post__title\">\n\t\t\t<a href=\"http:\/\/www.bvmi.org\/es\/blanca-much-healthier-and-happier\/\" >\n\t\t\t\tBlanca: Much Healthier &#8211; and Happier\t\t\t<\/a>\n\t\t<\/h3>\n\t\t\t\t<div class=\"elementor-post__excerpt\">\n\t\t\t<p>Meet Blanca. Her story is a work in progress. She&#8217;s a hard working mom who holds down two jobs while caring for her husband and two\t\t<\/div>\n\t\t\n\t\t<a class=\"elementor-post__read-more\" href=\"http:\/\/www.bvmi.org\/es\/blanca-much-healthier-and-happier\/\" aria-label=\"M\u00e1s informaci\u00f3n sobre Blanca: Much Healthier &#8211; and Happier\" tabindex=\"-1\" >\n\t\t\tLee mas &quot;\t\t<\/a>\n\n\t\t\t\t<\/div>\n\t\t\t\t<div class=\"elementor-post__meta-data\">\n\t\t\t\t\t<span class=\"elementor-post-date\">\n\t\t\tnoviembre 17, 2023\t\t<\/span>\n\t\t\t\t<\/div>\n\t\t\t\t\t<\/div>\n\t\t<\/article>\n\t\t\t\t<article class=\"elementor-post elementor-grid-item post-5790 post type-post status-publish format-standard has-post-thumbnail hentry category-patient-story-category\" role=\"listitem\">\n\t\t\t<div class=\"elementor-post__card\">\n\t\t\t\t<a class=\"elementor-post__thumbnail__link\" href=\"http:\/\/www.bvmi.org\/es\/irene-diabetes-and-case-management\/\" tabindex=\"-1\" ><div class=\"elementor-post__thumbnail\"><img decoding=\"async\" width=\"1000\" height=\"750\" src=\"https:\/\/www.bvmi.org\/wp-content\/uploads\/2022\/12\/Irene-BVMI.jpg\" class=\"attachment-full size-full wp-image-5791\" alt=\"\" srcset=\"https:\/\/www.bvmi.org\/wp-content\/uploads\/2022\/12\/Irene-BVMI.jpg 1000w, https:\/\/www.bvmi.org\/wp-content\/uploads\/2022\/12\/Irene-BVMI-300x225.jpg 300w, https:\/\/www.bvmi.org\/wp-content\/uploads\/2022\/12\/Irene-BVMI-768x576.jpg 768w, https:\/\/www.bvmi.org\/wp-content\/uploads\/2022\/12\/Irene-BVMI-16x12.jpg 16w\" sizes=\"(max-width: 1000px) 100vw, 1000px\" \/><\/div><\/a>\n\t\t\t\t<div class=\"elementor-post__text\">\n\t\t\t\t<h3 class=\"elementor-post__title\">\n\t\t\t<a href=\"http:\/\/www.bvmi.org\/es\/irene-diabetes-and-case-management\/\" >\n\t\t\t\tIrene: Diabetes and Case Management\t\t\t<\/a>\n\t\t<\/h3>\n\t\t\t\t<div class=\"elementor-post__excerpt\">\n\t\t\t<p>Irene is 40-year-old single mom with diabetes who became a patient earlier this year. Like so many BVMI patients, Irene lives on the edge. BVMI is\t\t<\/div>\n\t\t\n\t\t<a class=\"elementor-post__read-more\" href=\"http:\/\/www.bvmi.org\/es\/irene-diabetes-and-case-management\/\" aria-label=\"M\u00e1s informaci\u00f3n sobre Irene: Diabetes and Case Management\" tabindex=\"-1\" >\n\t\t\tLee mas &quot;\t\t<\/a>\n\n\t\t\t\t<\/div>\n\t\t\t\t<div class=\"elementor-post__meta-data\">\n\t\t\t\t\t<span class=\"elementor-post-date\">\n\t\t\tdiciembre 17, 2022\t\t<\/span>\n\t\t\t\t<\/div>\n\t\t\t\t\t<\/div>\n\t\t<\/article>\n\t\t\t\t<article class=\"elementor-post elementor-grid-item post-5075 post type-post status-publish format-standard has-post-thumbnail hentry category-patient-story-category\" role=\"listitem\">\n\t\t\t<div class=\"elementor-post__card\">\n\t\t\t\t<a class=\"elementor-post__thumbnail__link\" href=\"http:\/\/www.bvmi.org\/es\/juana-connecting-the-dots\/\" tabindex=\"-1\" ><div class=\"elementor-post__thumbnail\"><img loading=\"lazy\" decoding=\"async\" width=\"782\" height=\"517\" src=\"https:\/\/www.bvmi.org\/wp-content\/uploads\/2022\/06\/bvmi-juana-and-shelley-connecting-the-dots.jpg\" class=\"attachment-full size-full wp-image-5077\" alt=\"\" srcset=\"https:\/\/www.bvmi.org\/wp-content\/uploads\/2022\/06\/bvmi-juana-and-shelley-connecting-the-dots.jpg 782w, https:\/\/www.bvmi.org\/wp-content\/uploads\/2022\/06\/bvmi-juana-and-shelley-connecting-the-dots-300x198.jpg 300w, https:\/\/www.bvmi.org\/wp-content\/uploads\/2022\/06\/bvmi-juana-and-shelley-connecting-the-dots-768x508.jpg 768w, https:\/\/www.bvmi.org\/wp-content\/uploads\/2022\/06\/bvmi-juana-and-shelley-connecting-the-dots-18x12.jpg 18w\" sizes=\"(max-width: 782px) 100vw, 782px\" \/><\/div><\/a>\n\t\t\t\t<div class=\"elementor-post__text\">\n\t\t\t\t<h3 class=\"elementor-post__title\">\n\t\t\t<a href=\"http:\/\/www.bvmi.org\/es\/juana-connecting-the-dots\/\" >\n\t\t\t\tJuana: Connecting the Dots\t\t\t<\/a>\n\t\t<\/h3>\n\t\t\t\t<div class=\"elementor-post__excerpt\">\n\t\t\t<p>When Juana needed to see a doctor, her daughter found BVMI. Using what she&#8217;s learned in BVMI&#8217;s Prevent Diabetes Program, Juana is feeling healthier physically, mentally,\t\t<\/div>\n\t\t\n\t\t<a class=\"elementor-post__read-more\" href=\"http:\/\/www.bvmi.org\/es\/juana-connecting-the-dots\/\" aria-label=\"M\u00e1s informaci\u00f3n sobre Juana: Connecting the Dots\" tabindex=\"-1\" >\n\t\t\tLee mas &quot;\t\t<\/a>\n\n\t\t\t\t<\/div>\n\t\t\t\t<div class=\"elementor-post__meta-data\">\n\t\t\t\t\t<span class=\"elementor-post-date\">\n\t\t\tjunio 10, 2022\t\t<\/span>\n\t\t\t\t<\/div>\n\t\t\t\t\t<\/div>\n\t\t<\/article>\n\t\t\t\t<article class=\"elementor-post elementor-grid-item post-1873 post type-post status-publish format-standard has-post-thumbnail hentry category-patient-story-category\" role=\"listitem\">\n\t\t\t<div class=\"elementor-post__card\">\n\t\t\t\t<a class=\"elementor-post__thumbnail__link\" href=\"http:\/\/www.bvmi.org\/es\/martha-heart-disease\/\" tabindex=\"-1\" ><div class=\"elementor-post__thumbnail\"><img loading=\"lazy\" decoding=\"async\" width=\"1000\" height=\"667\" src=\"https:\/\/www.bvmi.org\/wp-content\/uploads\/2021\/09\/BVMI-Martha-patient-story.jpg\" class=\"attachment-full size-full wp-image-487\" alt=\"\" srcset=\"https:\/\/www.bvmi.org\/wp-content\/uploads\/2021\/09\/BVMI-Martha-patient-story.jpg 1000w, https:\/\/www.bvmi.org\/wp-content\/uploads\/2021\/09\/BVMI-Martha-patient-story-300x200.jpg 300w, https:\/\/www.bvmi.org\/wp-content\/uploads\/2021\/09\/BVMI-Martha-patient-story-768x512.jpg 768w\" sizes=\"(max-width: 1000px) 100vw, 1000px\" \/><\/div><\/a>\n\t\t\t\t<div class=\"elementor-post__text\">\n\t\t\t\t<h3 class=\"elementor-post__title\">\n\t\t\t<a href=\"http:\/\/www.bvmi.org\/es\/martha-heart-disease\/\" >\n\t\t\t\tMarta: enfermedad del coraz\u00f3n\t\t\t<\/a>\n\t\t<\/h3>\n\t\t\t\t<div class=\"elementor-post__excerpt\">\n\t\t\t<p>Martha is a 75-year-old patient whose serious health issues went untreated because she didn\u2019t have health insurance. In 2015, she became a patient at BVMI, and\t\t<\/div>\n\t\t\n\t\t<a class=\"elementor-post__read-more\" href=\"http:\/\/www.bvmi.org\/es\/martha-heart-disease\/\" aria-label=\"M\u00e1s informaci\u00f3n sobre Martha: Heart Disease\" tabindex=\"-1\" >\n\t\t\tLee mas &quot;\t\t<\/a>\n\n\t\t\t\t<\/div>\n\t\t\t\t<div class=\"elementor-post__meta-data\">\n\t\t\t\t\t<span class=\"elementor-post-date\">\n\t\t\toctubre 4, 2021\t\t<\/span>\n\t\t\t\t<\/div>\n\t\t\t\t\t<\/div>\n\t\t<\/article>\n\t\t\t\t<article class=\"elementor-post elementor-grid-item post-1867 post type-post status-publish format-standard has-post-thumbnail hentry category-patient-story-category\" role=\"listitem\">\n\t\t\t<div class=\"elementor-post__card\">\n\t\t\t\t<a class=\"elementor-post__thumbnail__link\" href=\"http:\/\/www.bvmi.org\/es\/lee-breast-cancer\/\" tabindex=\"-1\" ><div class=\"elementor-post__thumbnail\"><img loading=\"lazy\" decoding=\"async\" width=\"782\" height=\"517\" src=\"https:\/\/www.bvmi.org\/wp-content\/uploads\/2021\/10\/BVMI-Lee-Breast-Cancer.jpg\" class=\"attachment-full size-full wp-image-1872\" alt=\"\" srcset=\"https:\/\/www.bvmi.org\/wp-content\/uploads\/2021\/10\/BVMI-Lee-Breast-Cancer.jpg 782w, https:\/\/www.bvmi.org\/wp-content\/uploads\/2021\/10\/BVMI-Lee-Breast-Cancer-300x198.jpg 300w, https:\/\/www.bvmi.org\/wp-content\/uploads\/2021\/10\/BVMI-Lee-Breast-Cancer-768x508.jpg 768w\" sizes=\"(max-width: 782px) 100vw, 782px\" \/><\/div><\/a>\n\t\t\t\t<div class=\"elementor-post__text\">\n\t\t\t\t<h3 class=\"elementor-post__title\">\n\t\t\t<a href=\"http:\/\/www.bvmi.org\/es\/lee-breast-cancer\/\" >\n\t\t\t\tLee: c\u00e1ncer de mama\t\t\t<\/a>\n\t\t<\/h3>\n\t\t\t\t<div class=\"elementor-post__excerpt\">\n\t\t\t<p>Lee became a BVMI patient in 2019. At her first wellness visit, she told her doctor than she has a family history of breast cancer, but\t\t<\/div>\n\t\t\n\t\t<a class=\"elementor-post__read-more\" href=\"http:\/\/www.bvmi.org\/es\/lee-breast-cancer\/\" aria-label=\"M\u00e1s informaci\u00f3n sobre Lee: Breast Cancer\" tabindex=\"-1\" >\n\t\t\tLee mas &quot;\t\t<\/a>\n\n\t\t\t\t<\/div>\n\t\t\t\t<div class=\"elementor-post__meta-data\">\n\t\t\t\t\t<span class=\"elementor-post-date\">\n\t\t\toctubre 4, 2021\t\t<\/span>\n\t\t\t\t<\/div>\n\t\t\t\t\t<\/div>\n\t\t<\/article>\n\t\t\t\t<\/div>\n\t\t\t\t\t<span class=\"e-load-more-spinner\">\n\t\t\t\t<i aria-hidden=\"true\" class=\"fas fa-spinner\"><\/i>\t\t\t<\/span>\n\t\t\n\t\t\t\t<div class=\"e-load-more-anchor\" data-page=\"1\" data-max-page=\"2\" data-next-page=\"http:\/\/www.bvmi.org\/es\/wp-json\/wp\/v2\/pages\/1901\/page\/2\/\"><\/div>\n\t\t\t\t<div class=\"elementor-button-wrapper\">\n\t\t\t<a class=\"elementor-button elementor-size-sm\" role=\"button\">\n\t\t\t\t\t\t<span class=\"elementor-button-content-wrapper\">\n\t\t\t\t\t\t\t\t\t<span class=\"elementor-button-text\">Load More<\/span>\n\t\t\t\t\t<\/span>\n\t\t\t\t\t<\/a>\n\t\t<\/div>\n\t\t\t\t<div class=\"e-load-more-message\"><\/div>\n\t\t\t\t\t\t<\/div>\n\t\t\t\t<\/div>\n\t\t\t\t\t<\/div>\n\t\t<\/div>\n\t\t\t\t\t<\/div>\n\t\t<\/section>\n\t\t\t\t<\/div>","protected":false},"excerpt":{"rendered":"<p>Stories of how, with your help, BVMI is making a difference in the lives of our very grateful patients. <\/p>","protected":false},"author":1,"featured_media":2192,"parent":0,"menu_order":0,"comment_status":"closed","ping_status":"closed","template":"","meta":{"_acf_changed":false,"footnotes":""},"class_list":["post-1901","page","type-page","status-publish","has-post-thumbnail","hentry"],"acf":[],"yoast_head":"<!-- This site is optimized with the Yoast SEO plugin v27.3 - https:\/\/yoast.com\/product\/yoast-seo-wordpress\/ -->\n<title>Patient Stories | Bergen Volunteer Medical Initiative<\/title>\n<meta name=\"description\" content=\"Stories of how, with your help, BVMI is making a difference in the lives of our very grateful patients.\" \/>\n<meta name=\"robots\" content=\"index, follow, max-snippet:-1, max-image-preview:large, max-video-preview:-1\" \/>\n<link rel=\"canonical\" href=\"https:\/\/www.bvmi.org\/es\/patient-stories\/\" \/>\n<meta property=\"og:locale\" content=\"es_ES\" \/>\n<meta property=\"og:type\" content=\"article\" \/>\n<meta property=\"og:title\" content=\"Patient Stories | Bergen Volunteer Medical Initiative\" \/>\n<meta property=\"og:description\" content=\"Stories of how, with your help, BVMI is making a difference in the lives of our very grateful patients.\" \/>\n<meta property=\"og:url\" content=\"https:\/\/www.bvmi.org\/es\/patient-stories\/\" \/>\n<meta property=\"og:site_name\" content=\"Bergen Volunteer Medical Initiative\" \/>\n<meta property=\"article:modified_time\" content=\"2026-03-11T18:16:34+00:00\" \/>\n<meta property=\"og:image\" content=\"https:\/\/www.bvmi.org\/wp-content\/uploads\/2021\/10\/BVMI-feaured-image.jpg\" \/>\n\t<meta property=\"og:image:width\" content=\"1000\" \/>\n\t<meta property=\"og:image:height\" content=\"667\" \/>\n\t<meta property=\"og:image:type\" content=\"image\/jpeg\" \/>\n<meta name=\"twitter:card\" content=\"summary_large_image\" \/>\n<meta name=\"twitter:label1\" content=\"Tiempo de lectura\" \/>\n\t<meta name=\"twitter:data1\" content=\"2 minutos\" \/>\n<script type=\"application\/ld+json\" class=\"yoast-schema-graph\">{\"@context\":\"https:\\\/\\\/schema.org\",\"@graph\":[{\"@type\":\"WebPage\",\"@id\":\"https:\\\/\\\/www.bvmi.org\\\/patient-stories\\\/\",\"url\":\"https:\\\/\\\/www.bvmi.org\\\/patient-stories\\\/\",\"name\":\"Patient Stories | Bergen Volunteer Medical Initiative\",\"isPartOf\":{\"@id\":\"https:\\\/\\\/www.bvmi.org\\\/#website\"},\"primaryImageOfPage\":{\"@id\":\"https:\\\/\\\/www.bvmi.org\\\/patient-stories\\\/#primaryimage\"},\"image\":{\"@id\":\"https:\\\/\\\/www.bvmi.org\\\/patient-stories\\\/#primaryimage\"},\"thumbnailUrl\":\"https:\\\/\\\/www.bvmi.org\\\/wp-content\\\/uploads\\\/2021\\\/10\\\/BVMI-feaured-image.jpg\",\"datePublished\":\"2021-10-04T19:23:04+00:00\",\"dateModified\":\"2026-03-11T18:16:34+00:00\",\"description\":\"Stories of how, with your help, BVMI is making a difference in the lives of our very grateful patients.\",\"breadcrumb\":{\"@id\":\"https:\\\/\\\/www.bvmi.org\\\/patient-stories\\\/#breadcrumb\"},\"inLanguage\":\"es\",\"potentialAction\":[{\"@type\":\"ReadAction\",\"target\":[\"https:\\\/\\\/www.bvmi.org\\\/patient-stories\\\/\"]}]},{\"@type\":\"ImageObject\",\"inLanguage\":\"es\",\"@id\":\"https:\\\/\\\/www.bvmi.org\\\/patient-stories\\\/#primaryimage\",\"url\":\"https:\\\/\\\/www.bvmi.org\\\/wp-content\\\/uploads\\\/2021\\\/10\\\/BVMI-feaured-image.jpg\",\"contentUrl\":\"https:\\\/\\\/www.bvmi.org\\\/wp-content\\\/uploads\\\/2021\\\/10\\\/BVMI-feaured-image.jpg\",\"width\":1000,\"height\":667,\"caption\":\"BVMI | Bergen Volunteer Medical Initiative | Free Healthcare for the Working Uninsured\"},{\"@type\":\"BreadcrumbList\",\"@id\":\"https:\\\/\\\/www.bvmi.org\\\/patient-stories\\\/#breadcrumb\",\"itemListElement\":[{\"@type\":\"ListItem\",\"position\":1,\"name\":\"Home\",\"item\":\"https:\\\/\\\/www.bvmi.org\\\/\"},{\"@type\":\"ListItem\",\"position\":2,\"name\":\"Patient Stories\"}]},{\"@type\":\"WebSite\",\"@id\":\"https:\\\/\\\/www.bvmi.org\\\/#website\",\"url\":\"https:\\\/\\\/www.bvmi.org\\\/\",\"name\":\"Bergen Volunteer Medical Initiative\",\"description\":\"Free Healthcare for the Working Uninsured\",\"publisher\":{\"@id\":\"https:\\\/\\\/www.bvmi.org\\\/#organization\"},\"potentialAction\":[{\"@type\":\"SearchAction\",\"target\":{\"@type\":\"EntryPoint\",\"urlTemplate\":\"https:\\\/\\\/www.bvmi.org\\\/?s={search_term_string}\"},\"query-input\":{\"@type\":\"PropertyValueSpecification\",\"valueRequired\":true,\"valueName\":\"search_term_string\"}}],\"inLanguage\":\"es\"},{\"@type\":\"Organization\",\"@id\":\"https:\\\/\\\/www.bvmi.org\\\/#organization\",\"name\":\"Bergen Volunteer Medical Initiative\",\"url\":\"https:\\\/\\\/www.bvmi.org\\\/\",\"logo\":{\"@type\":\"ImageObject\",\"inLanguage\":\"es\",\"@id\":\"https:\\\/\\\/www.bvmi.org\\\/#\\\/schema\\\/logo\\\/image\\\/\",\"url\":\"https:\\\/\\\/www.bvmi.org\\\/wp-content\\\/uploads\\\/2021\\\/09\\\/BVMI-logo.svg\",\"contentUrl\":\"https:\\\/\\\/www.bvmi.org\\\/wp-content\\\/uploads\\\/2021\\\/09\\\/BVMI-logo.svg\",\"width\":198,\"height\":89,\"caption\":\"Bergen Volunteer Medical Initiative\"},\"image\":{\"@id\":\"https:\\\/\\\/www.bvmi.org\\\/#\\\/schema\\\/logo\\\/image\\\/\"}}]}<\/script>\n<!-- \/ Yoast SEO plugin. -->","yoast_head_json":{"title":"Patient Stories | Bergen Volunteer Medical Initiative","description":"Stories of how, with your help, BVMI is making a difference in the lives of our very grateful patients.","robots":{"index":"index","follow":"follow","max-snippet":"max-snippet:-1","max-image-preview":"max-image-preview:large","max-video-preview":"max-video-preview:-1"},"canonical":"https:\/\/www.bvmi.org\/es\/patient-stories\/","og_locale":"es_ES","og_type":"article","og_title":"Patient Stories | Bergen Volunteer Medical Initiative","og_description":"Stories of how, with your help, BVMI is making a difference in the lives of our very grateful patients.","og_url":"https:\/\/www.bvmi.org\/es\/patient-stories\/","og_site_name":"Bergen Volunteer Medical Initiative","article_modified_time":"2026-03-11T18:16:34+00:00","og_image":[{"width":1000,"height":667,"url":"https:\/\/www.bvmi.org\/wp-content\/uploads\/2021\/10\/BVMI-feaured-image.jpg","type":"image\/jpeg"}],"twitter_card":"summary_large_image","twitter_misc":{"Tiempo de lectura":"2 minutos"},"schema":{"@context":"https:\/\/schema.org","@graph":[{"@type":"WebPage","@id":"https:\/\/www.bvmi.org\/patient-stories\/","url":"https:\/\/www.bvmi.org\/patient-stories\/","name":"Patient Stories | Bergen Volunteer Medical Initiative","isPartOf":{"@id":"https:\/\/www.bvmi.org\/#website"},"primaryImageOfPage":{"@id":"https:\/\/www.bvmi.org\/patient-stories\/#primaryimage"},"image":{"@id":"https:\/\/www.bvmi.org\/patient-stories\/#primaryimage"},"thumbnailUrl":"https:\/\/www.bvmi.org\/wp-content\/uploads\/2021\/10\/BVMI-feaured-image.jpg","datePublished":"2021-10-04T19:23:04+00:00","dateModified":"2026-03-11T18:16:34+00:00","description":"Stories of how, with your help, BVMI is making a difference in the lives of our very grateful patients.","breadcrumb":{"@id":"https:\/\/www.bvmi.org\/patient-stories\/#breadcrumb"},"inLanguage":"es","potentialAction":[{"@type":"ReadAction","target":["https:\/\/www.bvmi.org\/patient-stories\/"]}]},{"@type":"ImageObject","inLanguage":"es","@id":"https:\/\/www.bvmi.org\/patient-stories\/#primaryimage","url":"https:\/\/www.bvmi.org\/wp-content\/uploads\/2021\/10\/BVMI-feaured-image.jpg","contentUrl":"https:\/\/www.bvmi.org\/wp-content\/uploads\/2021\/10\/BVMI-feaured-image.jpg","width":1000,"height":667,"caption":"BVMI | Bergen Volunteer Medical Initiative | Free Healthcare for the Working Uninsured"},{"@type":"BreadcrumbList","@id":"https:\/\/www.bvmi.org\/patient-stories\/#breadcrumb","itemListElement":[{"@type":"ListItem","position":1,"name":"Home","item":"https:\/\/www.bvmi.org\/"},{"@type":"ListItem","position":2,"name":"Patient Stories"}]},{"@type":"WebSite","@id":"https:\/\/www.bvmi.org\/#website","url":"https:\/\/www.bvmi.org\/","name":"Iniciativa m\u00e9dica voluntaria de Bergen","description":"Atenci\u00f3n m\u00e9dica gratuita para los trabajadores sin seguro","publisher":{"@id":"https:\/\/www.bvmi.org\/#organization"},"potentialAction":[{"@type":"SearchAction","target":{"@type":"EntryPoint","urlTemplate":"https:\/\/www.bvmi.org\/?s={search_term_string}"},"query-input":{"@type":"PropertyValueSpecification","valueRequired":true,"valueName":"search_term_string"}}],"inLanguage":"es"},{"@type":"Organization","@id":"https:\/\/www.bvmi.org\/#organization","name":"Iniciativa m\u00e9dica voluntaria de Bergen","url":"https:\/\/www.bvmi.org\/","logo":{"@type":"ImageObject","inLanguage":"es","@id":"https:\/\/www.bvmi.org\/#\/schema\/logo\/image\/","url":"https:\/\/www.bvmi.org\/wp-content\/uploads\/2021\/09\/BVMI-logo.svg","contentUrl":"https:\/\/www.bvmi.org\/wp-content\/uploads\/2021\/09\/BVMI-logo.svg","width":198,"height":89,"caption":"Bergen Volunteer Medical Initiative"},"image":{"@id":"https:\/\/www.bvmi.org\/#\/schema\/logo\/image\/"}}]}},"_links":{"self":[{"href":"http:\/\/www.bvmi.org\/es\/wp-json\/wp\/v2\/pages\/1901","targetHints":{"allow":["GET"]}}],"collection":[{"href":"http:\/\/www.bvmi.org\/es\/wp-json\/wp\/v2\/pages"}],"about":[{"href":"http:\/\/www.bvmi.org\/es\/wp-json\/wp\/v2\/types\/page"}],"author":[{"embeddable":true,"href":"http:\/\/www.bvmi.org\/es\/wp-json\/wp\/v2\/users\/1"}],"replies":[{"embeddable":true,"href":"http:\/\/www.bvmi.org\/es\/wp-json\/wp\/v2\/comments?post=1901"}],"version-history":[{"count":28,"href":"http:\/\/www.bvmi.org\/es\/wp-json\/wp\/v2\/pages\/1901\/revisions"}],"predecessor-version":[{"id":10228,"href":"http:\/\/www.bvmi.org\/es\/wp-json\/wp\/v2\/pages\/1901\/revisions\/10228"}],"wp:featuredmedia":[{"embeddable":true,"href":"http:\/\/www.bvmi.org\/es\/wp-json\/wp\/v2\/media\/2192"}],"wp:attachment":[{"href":"http:\/\/www.bvmi.org\/es\/wp-json\/wp\/v2\/media?parent=1901"}],"curies":[{"name":"wp","href":"https:\/\/api.w.org\/{rel}","templated":true}]}}