{"id":1399,"date":"2021-09-23T18:48:01","date_gmt":"2021-09-23T18:48:01","guid":{"rendered":"http:\/\/198.46.89.184\/~bvmior5\/?page_id=1399"},"modified":"2025-10-01T18:31:19","modified_gmt":"2025-10-01T18:31:19","slug":"donate","status":"publish","type":"page","link":"http:\/\/www.bvmi.org\/es\/donate\/","title":{"rendered":"Donar"},"content":{"rendered":"<div data-elementor-type=\"wp-page\" data-elementor-id=\"1399\" class=\"elementor elementor-1399\" data-elementor-post-type=\"page\">\n\t\t\t\t\t\t<section class=\"elementor-section elementor-top-section elementor-element elementor-element-f44e403 elementor-section-boxed elementor-section-height-default elementor-section-height-default\" data-id=\"f44e403\" data-element_type=\"section\" data-e-type=\"section\">\n\t\t\t\t\t\t<div class=\"elementor-container elementor-column-gap-default\">\n\t\t\t\t\t<div class=\"elementor-column elementor-col-100 elementor-top-column elementor-element elementor-element-fc70042\" data-id=\"fc70042\" data-element_type=\"column\" data-e-type=\"column\">\n\t\t\t<div class=\"elementor-widget-wrap elementor-element-populated\">\n\t\t\t\t\t\t<div class=\"elementor-element elementor-element-80741ad elementor-widget elementor-widget-image\" data-id=\"80741ad\" data-element_type=\"widget\" data-e-type=\"widget\" data-widget_type=\"image.default\">\n\t\t\t\t<div class=\"elementor-widget-container\">\n\t\t\t\t\t\t\t\t\t\t\t\t\t\t\t<img fetchpriority=\"high\" decoding=\"async\" width=\"1001\" height=\"281\" src=\"https:\/\/www.bvmi.org\/wp-content\/uploads\/2025\/10\/donate-page-header-.jpg\" class=\"attachment-full size-full wp-image-9474\" alt=\"\" srcset=\"https:\/\/www.bvmi.org\/wp-content\/uploads\/2025\/10\/donate-page-header-.jpg 1001w, https:\/\/www.bvmi.org\/wp-content\/uploads\/2025\/10\/donate-page-header--300x84.jpg 300w, https:\/\/www.bvmi.org\/wp-content\/uploads\/2025\/10\/donate-page-header--768x216.jpg 768w, https:\/\/www.bvmi.org\/wp-content\/uploads\/2025\/10\/donate-page-header--18x5.jpg 18w\" sizes=\"(max-width: 1001px) 100vw, 1001px\" \/>\t\t\t\t\t\t\t\t\t\t\t\t\t\t\t<\/div>\n\t\t\t\t<\/div>\n\t\t\t\t<div class=\"elementor-element elementor-element-ccb681c elementor-widget elementor-widget-heading\" data-id=\"ccb681c\" data-element_type=\"widget\" data-e-type=\"widget\" data-widget_type=\"heading.default\">\n\t\t\t\t<div class=\"elementor-widget-container\">\n\t\t\t\t\t<h1 class=\"elementor-heading-title elementor-size-default\">Help Us Meet This Moment<\/h1>\t\t\t\t<\/div>\n\t\t\t\t<\/div>\n\t\t\t\t<div class=\"elementor-element elementor-element-6bb9272 elementor-widget elementor-widget-text-editor\" data-id=\"6bb9272\" data-element_type=\"widget\" data-e-type=\"widget\" data-widget_type=\"text-editor.default\">\n\t\t\t\t<div class=\"elementor-widget-container\">\n\t\t\t\t\t\t\t\t\t<p>More of our neighbors will soon be without healthcare. Your donation makes sure BVMI is here to welcome them. With your help, BVMI can be prepared for the influx of new patients who will need care in the months ahead.<\/p>\t\t\t\t\t\t\t\t<\/div>\n\t\t\t\t<\/div>\n\t\t\t\t\t<\/div>\n\t\t<\/div>\n\t\t\t\t\t<\/div>\n\t\t<\/section>\n\t\t\t\t<section class=\"elementor-section elementor-top-section elementor-element elementor-element-eb194e8 elementor-section-boxed elementor-section-height-default elementor-section-height-default\" data-id=\"eb194e8\" data-element_type=\"section\" data-e-type=\"section\">\n\t\t\t\t\t\t<div class=\"elementor-container elementor-column-gap-default\">\n\t\t\t\t\t<div class=\"elementor-column elementor-col-100 elementor-top-column elementor-element elementor-element-82d6fca\" data-id=\"82d6fca\" data-element_type=\"column\" data-e-type=\"column\">\n\t\t\t<div class=\"elementor-widget-wrap elementor-element-populated\">\n\t\t\t\t\t\t<div class=\"elementor-element elementor-element-0b7b793 elementor-widget elementor-widget-html\" data-id=\"0b7b793\" data-element_type=\"widget\" data-e-type=\"widget\" data-widget_type=\"html.default\">\n\t\t\t\t<div class=\"elementor-widget-container\">\n\t\t\t\t\t<script src=\"https:\/\/s3-us-west-2.amazonaws.com\/bloomerang-public-cdn\/bergenvolunteermedicalinitiative\/.widget-js\/201022464.js\" type=\"text\/javascript\"><\/script>\t\t\t\t<\/div>\n\t\t\t\t<\/div>\n\t\t\t\t\t<\/div>\n\t\t<\/div>\n\t\t\t\t\t<\/div>\n\t\t<\/section>\n\t\t\t\t<\/div>","protected":false},"excerpt":{"rendered":"<p>Your donation will provide lifesaving medical care for hardworking Bergen County adults who don&#8217;t have health insurance.<\/p>","protected":false},"author":1,"featured_media":2192,"parent":0,"menu_order":0,"comment_status":"closed","ping_status":"closed","template":"","meta":{"_acf_changed":false,"footnotes":""},"class_list":["post-1399","page","type-page","status-publish","has-post-thumbnail","hentry"],"acf":[],"yoast_head":"<!-- This site is optimized with the Yoast SEO plugin v27.3 - https:\/\/yoast.com\/product\/yoast-seo-wordpress\/ -->\n<title>Donate | Bergen Volunteer Medical Initiative<\/title>\n<meta name=\"description\" content=\"Your donation will provide lifesaving medical care for hardworking Bergen County adults who don&#039;t have health insurance.\" \/>\n<meta name=\"robots\" content=\"index, follow, max-snippet:-1, max-image-preview:large, max-video-preview:-1\" \/>\n<link rel=\"canonical\" href=\"https:\/\/www.bvmi.org\/es\/donate\/\" \/>\n<meta property=\"og:locale\" content=\"es_ES\" \/>\n<meta property=\"og:type\" content=\"article\" \/>\n<meta property=\"og:title\" content=\"Donate | Bergen Volunteer Medical Initiative\" \/>\n<meta property=\"og:description\" content=\"Your donation will provide lifesaving medical care for hardworking Bergen County adults who don&#039;t have health insurance.\" \/>\n<meta property=\"og:url\" content=\"https:\/\/www.bvmi.org\/es\/donate\/\" \/>\n<meta property=\"og:site_name\" content=\"Bergen Volunteer Medical Initiative\" \/>\n<meta property=\"article:modified_time\" content=\"2025-10-01T18:31:19+00:00\" \/>\n<meta property=\"og:image\" content=\"https:\/\/www.bvmi.org\/wp-content\/uploads\/2021\/10\/BVMI-feaured-image.jpg\" \/>\n\t<meta property=\"og:image:width\" content=\"1000\" \/>\n\t<meta property=\"og:image:height\" content=\"667\" \/>\n\t<meta property=\"og:image:type\" content=\"image\/jpeg\" \/>\n<meta name=\"twitter:card\" content=\"summary_large_image\" \/>\n<meta name=\"twitter:label1\" content=\"Tiempo de lectura\" \/>\n\t<meta name=\"twitter:data1\" content=\"1 minuto\" \/>\n<script type=\"application\/ld+json\" class=\"yoast-schema-graph\">{\"@context\":\"https:\\\/\\\/schema.org\",\"@graph\":[{\"@type\":\"WebPage\",\"@id\":\"https:\\\/\\\/www.bvmi.org\\\/donate\\\/\",\"url\":\"https:\\\/\\\/www.bvmi.org\\\/donate\\\/\",\"name\":\"Donate | Bergen Volunteer Medical Initiative\",\"isPartOf\":{\"@id\":\"https:\\\/\\\/www.bvmi.org\\\/#website\"},\"primaryImageOfPage\":{\"@id\":\"https:\\\/\\\/www.bvmi.org\\\/donate\\\/#primaryimage\"},\"image\":{\"@id\":\"https:\\\/\\\/www.bvmi.org\\\/donate\\\/#primaryimage\"},\"thumbnailUrl\":\"https:\\\/\\\/www.bvmi.org\\\/wp-content\\\/uploads\\\/2021\\\/10\\\/BVMI-feaured-image.jpg\",\"datePublished\":\"2021-09-23T18:48:01+00:00\",\"dateModified\":\"2025-10-01T18:31:19+00:00\",\"description\":\"Your donation will provide lifesaving medical care for hardworking Bergen County adults who don't have health insurance.\",\"breadcrumb\":{\"@id\":\"https:\\\/\\\/www.bvmi.org\\\/donate\\\/#breadcrumb\"},\"inLanguage\":\"es\",\"potentialAction\":[{\"@type\":\"ReadAction\",\"target\":[\"https:\\\/\\\/www.bvmi.org\\\/donate\\\/\"]}]},{\"@type\":\"ImageObject\",\"inLanguage\":\"es\",\"@id\":\"https:\\\/\\\/www.bvmi.org\\\/donate\\\/#primaryimage\",\"url\":\"https:\\\/\\\/www.bvmi.org\\\/wp-content\\\/uploads\\\/2021\\\/10\\\/BVMI-feaured-image.jpg\",\"contentUrl\":\"https:\\\/\\\/www.bvmi.org\\\/wp-content\\\/uploads\\\/2021\\\/10\\\/BVMI-feaured-image.jpg\",\"width\":1000,\"height\":667,\"caption\":\"BVMI | Bergen Volunteer Medical Initiative | Free Healthcare for the Working Uninsured\"},{\"@type\":\"BreadcrumbList\",\"@id\":\"https:\\\/\\\/www.bvmi.org\\\/donate\\\/#breadcrumb\",\"itemListElement\":[{\"@type\":\"ListItem\",\"position\":1,\"name\":\"Home\",\"item\":\"https:\\\/\\\/www.bvmi.org\\\/\"},{\"@type\":\"ListItem\",\"position\":2,\"name\":\"Donate\"}]},{\"@type\":\"WebSite\",\"@id\":\"https:\\\/\\\/www.bvmi.org\\\/#website\",\"url\":\"https:\\\/\\\/www.bvmi.org\\\/\",\"name\":\"Bergen Volunteer Medical Initiative\",\"description\":\"Free Healthcare for the Working Uninsured\",\"publisher\":{\"@id\":\"https:\\\/\\\/www.bvmi.org\\\/#organization\"},\"potentialAction\":[{\"@type\":\"SearchAction\",\"target\":{\"@type\":\"EntryPoint\",\"urlTemplate\":\"https:\\\/\\\/www.bvmi.org\\\/?s={search_term_string}\"},\"query-input\":{\"@type\":\"PropertyValueSpecification\",\"valueRequired\":true,\"valueName\":\"search_term_string\"}}],\"inLanguage\":\"es\"},{\"@type\":\"Organization\",\"@id\":\"https:\\\/\\\/www.bvmi.org\\\/#organization\",\"name\":\"Bergen Volunteer Medical Initiative\",\"url\":\"https:\\\/\\\/www.bvmi.org\\\/\",\"logo\":{\"@type\":\"ImageObject\",\"inLanguage\":\"es\",\"@id\":\"https:\\\/\\\/www.bvmi.org\\\/#\\\/schema\\\/logo\\\/image\\\/\",\"url\":\"https:\\\/\\\/www.bvmi.org\\\/wp-content\\\/uploads\\\/2021\\\/09\\\/BVMI-logo.svg\",\"contentUrl\":\"https:\\\/\\\/www.bvmi.org\\\/wp-content\\\/uploads\\\/2021\\\/09\\\/BVMI-logo.svg\",\"width\":198,\"height\":89,\"caption\":\"Bergen Volunteer Medical Initiative\"},\"image\":{\"@id\":\"https:\\\/\\\/www.bvmi.org\\\/#\\\/schema\\\/logo\\\/image\\\/\"}}]}<\/script>\n<!-- \/ Yoast SEO plugin. -->","yoast_head_json":{"title":"Donate | Bergen Volunteer Medical Initiative","description":"Your donation will provide lifesaving medical care for hardworking Bergen County adults who don't have health insurance.","robots":{"index":"index","follow":"follow","max-snippet":"max-snippet:-1","max-image-preview":"max-image-preview:large","max-video-preview":"max-video-preview:-1"},"canonical":"https:\/\/www.bvmi.org\/es\/donate\/","og_locale":"es_ES","og_type":"article","og_title":"Donate | Bergen Volunteer Medical Initiative","og_description":"Your donation will provide lifesaving medical care for hardworking Bergen County adults who don't have health insurance.","og_url":"https:\/\/www.bvmi.org\/es\/donate\/","og_site_name":"Bergen Volunteer Medical Initiative","article_modified_time":"2025-10-01T18:31:19+00:00","og_image":[{"width":1000,"height":667,"url":"https:\/\/www.bvmi.org\/wp-content\/uploads\/2021\/10\/BVMI-feaured-image.jpg","type":"image\/jpeg"}],"twitter_card":"summary_large_image","twitter_misc":{"Tiempo de lectura":"1 minuto"},"schema":{"@context":"https:\/\/schema.org","@graph":[{"@type":"WebPage","@id":"https:\/\/www.bvmi.org\/donate\/","url":"https:\/\/www.bvmi.org\/donate\/","name":"Donate | Bergen Volunteer Medical Initiative","isPartOf":{"@id":"https:\/\/www.bvmi.org\/#website"},"primaryImageOfPage":{"@id":"https:\/\/www.bvmi.org\/donate\/#primaryimage"},"image":{"@id":"https:\/\/www.bvmi.org\/donate\/#primaryimage"},"thumbnailUrl":"https:\/\/www.bvmi.org\/wp-content\/uploads\/2021\/10\/BVMI-feaured-image.jpg","datePublished":"2021-09-23T18:48:01+00:00","dateModified":"2025-10-01T18:31:19+00:00","description":"Your donation will provide lifesaving medical care for hardworking Bergen County adults who don't have health insurance.","breadcrumb":{"@id":"https:\/\/www.bvmi.org\/donate\/#breadcrumb"},"inLanguage":"es","potentialAction":[{"@type":"ReadAction","target":["https:\/\/www.bvmi.org\/donate\/"]}]},{"@type":"ImageObject","inLanguage":"es","@id":"https:\/\/www.bvmi.org\/donate\/#primaryimage","url":"https:\/\/www.bvmi.org\/wp-content\/uploads\/2021\/10\/BVMI-feaured-image.jpg","contentUrl":"https:\/\/www.bvmi.org\/wp-content\/uploads\/2021\/10\/BVMI-feaured-image.jpg","width":1000,"height":667,"caption":"BVMI | Bergen Volunteer Medical Initiative | Free Healthcare for the Working Uninsured"},{"@type":"BreadcrumbList","@id":"https:\/\/www.bvmi.org\/donate\/#breadcrumb","itemListElement":[{"@type":"ListItem","position":1,"name":"Home","item":"https:\/\/www.bvmi.org\/"},{"@type":"ListItem","position":2,"name":"Donate"}]},{"@type":"WebSite","@id":"https:\/\/www.bvmi.org\/#website","url":"https:\/\/www.bvmi.org\/","name":"Iniciativa m\u00e9dica voluntaria de Bergen","description":"Atenci\u00f3n m\u00e9dica gratuita para los trabajadores sin seguro","publisher":{"@id":"https:\/\/www.bvmi.org\/#organization"},"potentialAction":[{"@type":"SearchAction","target":{"@type":"EntryPoint","urlTemplate":"https:\/\/www.bvmi.org\/?s={search_term_string}"},"query-input":{"@type":"PropertyValueSpecification","valueRequired":true,"valueName":"search_term_string"}}],"inLanguage":"es"},{"@type":"Organization","@id":"https:\/\/www.bvmi.org\/#organization","name":"Iniciativa m\u00e9dica voluntaria de Bergen","url":"https:\/\/www.bvmi.org\/","logo":{"@type":"ImageObject","inLanguage":"es","@id":"https:\/\/www.bvmi.org\/#\/schema\/logo\/image\/","url":"https:\/\/www.bvmi.org\/wp-content\/uploads\/2021\/09\/BVMI-logo.svg","contentUrl":"https:\/\/www.bvmi.org\/wp-content\/uploads\/2021\/09\/BVMI-logo.svg","width":198,"height":89,"caption":"Bergen Volunteer Medical Initiative"},"image":{"@id":"https:\/\/www.bvmi.org\/#\/schema\/logo\/image\/"}}]}},"_links":{"self":[{"href":"http:\/\/www.bvmi.org\/es\/wp-json\/wp\/v2\/pages\/1399","targetHints":{"allow":["GET"]}}],"collection":[{"href":"http:\/\/www.bvmi.org\/es\/wp-json\/wp\/v2\/pages"}],"about":[{"href":"http:\/\/www.bvmi.org\/es\/wp-json\/wp\/v2\/types\/page"}],"author":[{"embeddable":true,"href":"http:\/\/www.bvmi.org\/es\/wp-json\/wp\/v2\/users\/1"}],"replies":[{"embeddable":true,"href":"http:\/\/www.bvmi.org\/es\/wp-json\/wp\/v2\/comments?post=1399"}],"version-history":[{"count":163,"href":"http:\/\/www.bvmi.org\/es\/wp-json\/wp\/v2\/pages\/1399\/revisions"}],"predecessor-version":[{"id":9477,"href":"http:\/\/www.bvmi.org\/es\/wp-json\/wp\/v2\/pages\/1399\/revisions\/9477"}],"wp:featuredmedia":[{"embeddable":true,"href":"http:\/\/www.bvmi.org\/es\/wp-json\/wp\/v2\/media\/2192"}],"wp:attachment":[{"href":"http:\/\/www.bvmi.org\/es\/wp-json\/wp\/v2\/media?parent=1399"}],"curies":[{"name":"wp","href":"https:\/\/api.w.org\/{rel}","templated":true}]}}